{"id":1250,"date":"2024-11-14T06:02:51","date_gmt":"2024-11-14T06:02:51","guid":{"rendered":"https:\/\/goldenstatebehavior.com\/trastorno-del-espectro-autista\/"},"modified":"2025-05-06T17:37:04","modified_gmt":"2025-05-06T17:37:04","slug":"trastorno-del-espectro-autista","status":"publish","type":"page","link":"https:\/\/goldenstatebehavior.com\/es\/trastorno-del-espectro-autista\/","title":{"rendered":"Trastorno del espectro autista (TEA)"},"content":{"rendered":"\t\t<div data-elementor-type=\"wp-page\" data-elementor-id=\"1250\" class=\"elementor elementor-1250 elementor-16\">\n\t\t\t\t<div class=\"elementor-element elementor-element-501a5a43 e-flex e-con-boxed e-con e-parent\" data-id=\"501a5a43\" data-element_type=\"container\" data-e-type=\"container\" id=\"about-us\">\n\t\t\t\t\t<div class=\"e-con-inner\">\n\t\t<div class=\"elementor-element elementor-element-32859be7 e-con-full animated-slow e-flex elementor-invisible e-con e-child\" data-id=\"32859be7\" data-element_type=\"container\" data-e-type=\"container\" data-settings=\"{&quot;animation&quot;:&quot;fadeInLeft&quot;}\">\n\t\t\t\t<div class=\"elementor-element elementor-element-4405855c qa-heading elementor-widget elementor-widget-heading\" data-id=\"4405855c\" data-element_type=\"widget\" data-e-type=\"widget\" data-widget_type=\"heading.default\">\n\t\t\t\t<div class=\"elementor-widget-container\">\n\t\t\t\t\t<h2 class=\"elementor-heading-title elementor-size-default\">\u00bfQu\u00e9 es?<\/h2>\t\t\t\t<\/div>\n\t\t\t\t<\/div>\n\t\t\t\t<div class=\"elementor-element elementor-element-6441c237 color-scheme-inherit text-left elementor-widget elementor-widget-text-editor\" data-id=\"6441c237\" data-element_type=\"widget\" data-e-type=\"widget\" data-widget_type=\"text-editor.default\">\n\t\t\t\t<div class=\"elementor-widget-container\">\n\t\t\t\t\t\t\t\t\t<p>\u00bfA su hijo le han diagnosticado autismo? Seg\u00fan los CDC, alrededor de 1 de cada 36 ni\u00f1os es diagnosticado con TEA, una condici\u00f3n que afecta el desarrollo y el crecimiento cognitivo. Sin embargo, muchos casos de TEA no se diagnostican, por lo que es fundamental controlar signos como retraso en el habla, preferencia por las rutinas y evitar el contacto visual desde el principio. Si est\u00e1 buscando terapia para el autismo en San Rafael o tratamiento para el autismo en Novato, la intervenci\u00f3n temprana es clave.<\/p><p>El cerebro de un ni\u00f1o en el espectro es excepcionalmente hermoso; sin embargo, pueden experimentar dificultades para expresarse, socializar y afrontar situaciones estimulantes de los sentidos. El grado de estos desaf\u00edos puede variar significativamente, raz\u00f3n por la cual el TEA se conoce como un trastorno de \u00abespectro\u00bb.\u00a0<\/p>\t\t\t\t\t\t\t\t<\/div>\n\t\t\t\t<\/div>\n\t\t\t\t<\/div>\n\t\t<div class=\"elementor-element elementor-element-421fc467 e-con-full animated-slow e-flex elementor-invisible e-con e-child\" data-id=\"421fc467\" data-element_type=\"container\" data-e-type=\"container\" data-settings=\"{&quot;animation&quot;:&quot;fadeInRight&quot;}\">\n\t\t\t\t<div class=\"elementor-element elementor-element-3e8d826e elementor-widget elementor-widget-image\" data-id=\"3e8d826e\" data-element_type=\"widget\" data-e-type=\"widget\" data-widget_type=\"image.default\">\n\t\t\t\t<div class=\"elementor-widget-container\">\n\t\t\t\t\t\t\t\t\t\t\t\t\t\t\t<img decoding=\"async\" width=\"715\" height=\"715\" src=\"https:\/\/goldenstatebehavior.com\/wp-content\/uploads\/2024\/12\/Group-31-22.png\" class=\"attachment-large size-large wp-image-1638\" alt=\"Autism spectrum disorder ABA therapy\" srcset=\"https:\/\/goldenstatebehavior.com\/wp-content\/uploads\/2024\/12\/Group-31-22.png 715w, https:\/\/goldenstatebehavior.com\/wp-content\/uploads\/2024\/12\/Group-31-22-300x300.png 300w, https:\/\/goldenstatebehavior.com\/wp-content\/uploads\/2024\/12\/Group-31-22-150x150.png 150w\" sizes=\"(max-width: 715px) 100vw, 715px\" \/>\t\t\t\t\t\t\t\t\t\t\t\t\t\t\t<\/div>\n\t\t\t\t<\/div>\n\t\t\t\t<\/div>\n\t\t\t\t\t<\/div>\n\t\t\t\t<\/div>\n\t\t<div class=\"elementor-element elementor-element-222781e8 wd-section-stretch e-flex e-con-boxed e-con e-parent\" data-id=\"222781e8\" data-element_type=\"container\" data-e-type=\"container\" data-settings=\"{&quot;background_background&quot;:&quot;classic&quot;}\">\n\t\t\t\t\t<div class=\"e-con-inner\">\n\t\t<div class=\"elementor-element elementor-element-77e42371 e-con-full animated-slow e-flex elementor-invisible e-con e-child\" data-id=\"77e42371\" data-element_type=\"container\" data-e-type=\"container\" data-settings=\"{&quot;animation&quot;:&quot;fadeInLeft&quot;}\">\n\t\t\t\t<div class=\"elementor-element elementor-element-46472a47 elementor-widget elementor-widget-image\" data-id=\"46472a47\" data-element_type=\"widget\" data-e-type=\"widget\" data-widget_type=\"image.default\">\n\t\t\t\t<div class=\"elementor-widget-container\">\n\t\t\t\t\t\t\t\t\t\t\t\t\t\t\t<img decoding=\"async\" width=\"730\" height=\"558\" src=\"https:\/\/goldenstatebehavior.com\/wp-content\/uploads\/2024\/11\/Diverse-Young-Adults-Group-Portrait-1-11.png\" class=\"attachment-large size-large wp-image-1483\" alt=\"Pediatric ADHD therapy Marin\" srcset=\"https:\/\/goldenstatebehavior.com\/wp-content\/uploads\/2024\/11\/Diverse-Young-Adults-Group-Portrait-1-11.png 730w, https:\/\/goldenstatebehavior.com\/wp-content\/uploads\/2024\/11\/Diverse-Young-Adults-Group-Portrait-1-11-300x229.png 300w\" sizes=\"(max-width: 730px) 100vw, 730px\" \/>\t\t\t\t\t\t\t\t\t\t\t\t\t\t\t<\/div>\n\t\t\t\t<\/div>\n\t\t\t\t<\/div>\n\t\t<div class=\"elementor-element elementor-element-6096261c e-con-full animated-slow e-flex elementor-invisible e-con e-child\" data-id=\"6096261c\" data-element_type=\"container\" data-e-type=\"container\" data-settings=\"{&quot;animation&quot;:&quot;fadeInRight&quot;}\">\n\t\t\t\t<div class=\"elementor-element elementor-element-3958b8be qa-heading elementor-widget elementor-widget-heading\" data-id=\"3958b8be\" data-element_type=\"widget\" data-e-type=\"widget\" data-widget_type=\"heading.default\">\n\t\t\t\t<div class=\"elementor-widget-container\">\n\t\t\t\t\t<h2 class=\"elementor-heading-title elementor-size-default\">\u00bfC\u00f3mo es?<\/h2>\t\t\t\t<\/div>\n\t\t\t\t<\/div>\n\t\t\t\t<div class=\"elementor-element elementor-element-7f9f62ff color-scheme-inherit text-left elementor-widget elementor-widget-text-editor\" data-id=\"7f9f62ff\" data-element_type=\"widget\" data-e-type=\"widget\" data-widget_type=\"text-editor.default\">\n\t\t\t\t<div class=\"elementor-widget-container\">\n\t\t\t\t\t\t\t\t\t<p>Tener un trastorno del espectro autista puede ser como ver el mundo a trav\u00e9s de lentes con los colores del arco\u00edris, donde todo puede ser un poco m\u00e1s intenso de lo que es para la mayor\u00eda de nosotros. Los sonidos pueden ser m\u00e1s fuertes, las luces m\u00e1s brillantes y las emociones m\u00e1s profundas. El tratamiento exitoso del autismo comienza con la comprensi\u00f3n de lo que siente el ni\u00f1o detr\u00e1s de esas gafas de arco\u00edris. Lo m\u00e1s importante es rodear al ni\u00f1o de un campo de fuerza de apoyo que le ayude a comprender y recuperarse de los desaf\u00edos, al tiempo que ayuda a las familias a navegar por el mundo multicolor del autismo. Afortunadamente, el autismo es un lenguaje muy espec\u00edfico y lo dominamos con fluidez.<\/p>\t\t\t\t\t\t\t\t<\/div>\n\t\t\t\t<\/div>\n\t\t\t\t<\/div>\n\t\t\t\t\t<\/div>\n\t\t\t\t<\/div>\n\t\t<div class=\"elementor-element elementor-element-894734a e-flex e-con-boxed e-con e-parent\" data-id=\"894734a\" data-element_type=\"container\" data-e-type=\"container\">\n\t\t\t\t\t<div class=\"e-con-inner\">\n\t\t<div class=\"elementor-element elementor-element-92d27db e-con-full animated-slow e-flex elementor-invisible e-con e-child\" data-id=\"92d27db\" data-element_type=\"container\" data-e-type=\"container\" data-settings=\"{&quot;animation&quot;:&quot;fadeInLeft&quot;}\">\n\t\t\t\t<div class=\"elementor-element elementor-element-bb82134 qa-heading elementor-widget elementor-widget-heading\" data-id=\"bb82134\" data-element_type=\"widget\" data-e-type=\"widget\" data-widget_type=\"heading.default\">\n\t\t\t\t<div class=\"elementor-widget-container\">\n\t\t\t\t\t<h2 class=\"elementor-heading-title elementor-size-default\">\u00bfC\u00f3mo se trata?<\/h2>\t\t\t\t<\/div>\n\t\t\t\t<\/div>\n\t\t\t\t<div class=\"elementor-element elementor-element-d01dddf color-scheme-inherit text-left elementor-widget elementor-widget-text-editor\" data-id=\"d01dddf\" data-element_type=\"widget\" data-e-type=\"widget\" data-widget_type=\"text-editor.default\">\n\t\t\t\t<div class=\"elementor-widget-container\">\n\t\t\t\t\t\t\t\t\t<p>No existe cura para el autismo, pero con el tratamiento y el apoyo adecuados, los ni\u00f1os del espectro pueden vivir una vida de alta calidad y construir un futuro significativo y satisfactorio. El tratamiento eficaz del TEA puede incluir una combinaci\u00f3n de:<\/p><ul><li><strong>Consejer\u00eda familiar<\/strong> \u2013 guiar a las familias a trav\u00e9s de los desaf\u00edos con apoyo de expertos.<\/li><li><strong>Programas de transici\u00f3n y educaci\u00f3n especial<\/strong> \u2013 ayudar a los ni\u00f1os a adaptarse y tener \u00e9xito en cada etapa.<\/li><li><strong>Terapia del habla<\/strong> \u2013 mejora la comunicaci\u00f3n para una expresi\u00f3n y conexi\u00f3n m\u00e1s claras.<\/li><li><strong>Terapia Ocupacional<\/strong> \u2013 Fortalecimiento de las habilidades motoras y el procesamiento sensorial para el \u00e9xito diario.<\/li><li><strong>An\u00e1lisis de Comportamiento Aplicado (ABA)<\/strong> \u2013 Aprendizaje respaldado por la ciencia a trav\u00e9s de refuerzo positivo.<\/li><\/ul><p>Con tantas opciones de tratamiento para el autismo, encontrar la soluci\u00f3n adecuada para su hijo puede ser como encontrar una aguja en un pajar: con los ojos vendados. En Golden State Behavior, nos esforzamos por facilitarle la decisi\u00f3n. Ofrecemos el mejor tratamiento para el Trastorno del Espectro Autista (TEA) infantil con uno de los m\u00e9todos m\u00e1s confiables del mundo: ABA. Ya sea que busque tratamiento para el TEA en San Rafael, CA, o apoyo en el condado de Marin, estamos aqu\u00ed para ayudarle.<\/p>\t\t\t\t\t\t\t\t<\/div>\n\t\t\t\t<\/div>\n\t\t\t\t<div class=\"elementor-element elementor-element-219f229 elementor-widget elementor-widget-button\" data-id=\"219f229\" data-element_type=\"widget\" data-e-type=\"widget\" data-widget_type=\"button.default\">\n\t\t\t\t<div class=\"elementor-widget-container\">\n\t\t\t\t\t\t\t\t\t<div class=\"elementor-button-wrapper\">\n\t\t\t\t\t<a class=\"elementor-button elementor-button-link elementor-size-sm\" href=\"https:\/\/goldenstatebehavior.com\/es\/contacta-con-nosotros\/\">\n\t\t\t\t\t\t<span class=\"elementor-button-content-wrapper\">\n\t\t\t\t\t\t\t\t\t<span class=\"elementor-button-text\">Contacta con nosotros<\/span>\n\t\t\t\t\t<\/span>\n\t\t\t\t\t<\/a>\n\t\t\t\t<\/div>\n\t\t\t\t\t\t\t\t<\/div>\n\t\t\t\t<\/div>\n\t\t\t\t<\/div>\n\t\t<div class=\"elementor-element elementor-element-d5a4764 e-con-full animated-slow e-flex elementor-invisible e-con e-child\" data-id=\"d5a4764\" data-element_type=\"container\" data-e-type=\"container\" data-settings=\"{&quot;animation&quot;:&quot;fadeInRight&quot;}\">\n\t\t\t\t<div class=\"elementor-element elementor-element-61fef52 elementor-widget elementor-widget-image\" data-id=\"61fef52\" data-element_type=\"widget\" data-e-type=\"widget\" data-widget_type=\"image.default\">\n\t\t\t\t<div class=\"elementor-widget-container\">\n\t\t\t\t\t\t\t\t\t\t\t\t\t\t\t<img decoding=\"async\" width=\"715\" height=\"715\" src=\"https:\/\/goldenstatebehavior.com\/wp-content\/uploads\/2024\/11\/Group-31-18-1.png\" class=\"attachment-large size-large wp-image-1604\" alt=\"ABA Therapy in Marin County\" srcset=\"https:\/\/goldenstatebehavior.com\/wp-content\/uploads\/2024\/11\/Group-31-18-1.png 715w, https:\/\/goldenstatebehavior.com\/wp-content\/uploads\/2024\/11\/Group-31-18-1-300x300.png 300w, https:\/\/goldenstatebehavior.com\/wp-content\/uploads\/2024\/11\/Group-31-18-1-150x150.png 150w\" sizes=\"(max-width: 715px) 100vw, 715px\" \/>\t\t\t\t\t\t\t\t\t\t\t\t\t\t\t<\/div>\n\t\t\t\t<\/div>\n\t\t\t\t<\/div>\n\t\t\t\t\t<\/div>\n\t\t\t\t<\/div>\n\t\t<div class=\"elementor-element elementor-element-9e5a5e2 wd-section-stretch e-flex e-con-boxed e-con e-parent\" data-id=\"9e5a5e2\" data-element_type=\"container\" data-e-type=\"container\" data-settings=\"{&quot;background_background&quot;:&quot;gradient&quot;}\">\n\t\t\t\t\t<div class=\"e-con-inner\">\n\t\t<div class=\"elementor-element elementor-element-a4c0b00 e-con-full animated-slow e-flex elementor-invisible e-con e-child\" data-id=\"a4c0b00\" data-element_type=\"container\" data-e-type=\"container\" data-settings=\"{&quot;animation&quot;:&quot;fadeInLeft&quot;}\">\n\t\t\t\t<div class=\"elementor-element elementor-element-10cd8e5 elementor-widget-tablet__width-inherit qa-heading elementor-widget elementor-widget-heading\" data-id=\"10cd8e5\" data-element_type=\"widget\" data-e-type=\"widget\" data-widget_type=\"heading.default\">\n\t\t\t\t<div class=\"elementor-widget-container\">\n\t\t\t\t\t<h2 class=\"elementor-heading-title elementor-size-default\">La importancia de la intervenci\u00f3n temprana<\/h2>\t\t\t\t<\/div>\n\t\t\t\t<\/div>\n\t\t\t\t<div class=\"elementor-element elementor-element-ef4c94b text-center color-scheme-inherit elementor-widget elementor-widget-text-editor\" data-id=\"ef4c94b\" data-element_type=\"widget\" data-e-type=\"widget\" data-widget_type=\"text-editor.default\">\n\t\t\t\t<div class=\"elementor-widget-container\">\n\t\t\t\t\t\t\t\t\t<p>\u00bfPor qu\u00e9 es esto tan importante desde el principio? Si bien el cerebro de un ni\u00f1o todav\u00eda es muy adaptable, nuestras redes neuronales se vuelven m\u00e1s \u00abobstinadas\u00bb a medida que crecemos. La intervenci\u00f3n temprana aprovecha el poder natural de plasticidad del cerebro: la capacidad de cambiar y transformar mediante el aprendizaje y la terapia repetitiva. \u00a1Con el tratamiento adecuado para el trastorno del espectro autista, podemos fomentar el desarrollo de nuevas redes neuronales en el cerebro!<\/p>\t\t\t\t\t\t\t\t<\/div>\n\t\t\t\t<\/div>\n\t\t\t\t<\/div>\n\t\t\t\t\t<\/div>\n\t\t\t\t<\/div>\n\t\t\t\t<\/div>\n\t\t","protected":false},"excerpt":{"rendered":"<p>\u00bfQu\u00e9 es? \u00bfA su hijo le han diagnosticado autismo? Seg\u00fan los CDC, alrededor de 1 de cada 36 ni\u00f1os es<\/p>\n","protected":false},"author":2,"featured_media":0,"parent":0,"menu_order":0,"comment_status":"closed","ping_status":"closed","template":"","meta":{"footnotes":""},"class_list":["post-1250","page","type-page","status-publish","hentry"],"yoast_head":"<!-- This site is optimized with the Yoast SEO plugin v27.5 - https:\/\/yoast.com\/product\/yoast-seo-wordpress\/ -->\n<title>Terapia y Tratamiento para el Autismo en San Rafael | TEA en el Condado de Marin<\/title>\n<meta name=\"description\" content=\"Obtenga terapia conductual especializada para el autismo, tratamiento del espectro autista (TEA) y terapia ABA en San Rafael y Novato. El mejor cuidado para el trastorno del espectro autista.\" \/>\n<meta name=\"robots\" content=\"index, follow, max-snippet:-1, max-image-preview:large, max-video-preview:-1\" \/>\n<link rel=\"canonical\" href=\"https:\/\/goldenstatebehavior.com\/es\/trastorno-del-espectro-autista\/\" \/>\n<meta property=\"og:locale\" content=\"es_ES\" \/>\n<meta property=\"og:type\" content=\"article\" \/>\n<meta property=\"og:title\" content=\"Terapia y Tratamiento para el Autismo en San Rafael | TEA en el Condado de Marin\" \/>\n<meta property=\"og:description\" content=\"Obtenga terapia conductual especializada para el autismo, tratamiento del espectro autista (TEA) y terapia ABA en San Rafael y Novato. El mejor cuidado para el trastorno del espectro autista.\" \/>\n<meta property=\"og:url\" content=\"https:\/\/goldenstatebehavior.com\/es\/trastorno-del-espectro-autista\/\" \/>\n<meta property=\"og:site_name\" content=\"Golden State Behavior\" \/>\n<meta property=\"article:modified_time\" content=\"2025-05-06T17:37:04+00:00\" \/>\n<meta property=\"og:image\" content=\"https:\/\/goldenstatebehavior.com\/wp-content\/uploads\/2024\/12\/Group-31-22.png\" \/>\n<meta name=\"twitter:card\" content=\"summary_large_image\" \/>\n<meta name=\"twitter:label1\" content=\"Tiempo de lectura\" \/>\n\t<meta name=\"twitter:data1\" content=\"4 minutos\" \/>\n<script type=\"application\/ld+json\" class=\"yoast-schema-graph\">{\"@context\":\"https:\\\/\\\/schema.org\",\"@graph\":[{\"@type\":\"WebPage\",\"@id\":\"https:\\\/\\\/goldenstatebehavior.com\\\/es\\\/trastorno-del-espectro-autista\\\/\",\"url\":\"https:\\\/\\\/goldenstatebehavior.com\\\/es\\\/trastorno-del-espectro-autista\\\/\",\"name\":\"Terapia y Tratamiento para el Autismo en San Rafael | TEA en el Condado de Marin\",\"isPartOf\":{\"@id\":\"https:\\\/\\\/goldenstatebehavior.com\\\/#website\"},\"primaryImageOfPage\":{\"@id\":\"https:\\\/\\\/goldenstatebehavior.com\\\/es\\\/trastorno-del-espectro-autista\\\/#primaryimage\"},\"image\":{\"@id\":\"https:\\\/\\\/goldenstatebehavior.com\\\/es\\\/trastorno-del-espectro-autista\\\/#primaryimage\"},\"thumbnailUrl\":\"https:\\\/\\\/goldenstatebehavior.com\\\/wp-content\\\/uploads\\\/2024\\\/12\\\/Group-31-22.png\",\"datePublished\":\"2024-11-14T06:02:51+00:00\",\"dateModified\":\"2025-05-06T17:37:04+00:00\",\"description\":\"Obtenga terapia conductual especializada para el autismo, tratamiento del espectro autista (TEA) y terapia ABA en San Rafael y Novato. El mejor cuidado para el trastorno del espectro autista.\",\"breadcrumb\":{\"@id\":\"https:\\\/\\\/goldenstatebehavior.com\\\/es\\\/trastorno-del-espectro-autista\\\/#breadcrumb\"},\"inLanguage\":\"es\",\"potentialAction\":[{\"@type\":\"ReadAction\",\"target\":[\"https:\\\/\\\/goldenstatebehavior.com\\\/es\\\/trastorno-del-espectro-autista\\\/\"]}]},{\"@type\":\"ImageObject\",\"inLanguage\":\"es\",\"@id\":\"https:\\\/\\\/goldenstatebehavior.com\\\/es\\\/trastorno-del-espectro-autista\\\/#primaryimage\",\"url\":\"https:\\\/\\\/goldenstatebehavior.com\\\/wp-content\\\/uploads\\\/2024\\\/12\\\/Group-31-22.png\",\"contentUrl\":\"https:\\\/\\\/goldenstatebehavior.com\\\/wp-content\\\/uploads\\\/2024\\\/12\\\/Group-31-22.png\"},{\"@type\":\"BreadcrumbList\",\"@id\":\"https:\\\/\\\/goldenstatebehavior.com\\\/es\\\/trastorno-del-espectro-autista\\\/#breadcrumb\",\"itemListElement\":[{\"@type\":\"ListItem\",\"position\":1,\"name\":\"Home\",\"item\":\"https:\\\/\\\/goldenstatebehavior.com\\\/es\\\/\"},{\"@type\":\"ListItem\",\"position\":2,\"name\":\"Trastorno del espectro autista (TEA)\"}]},{\"@type\":\"WebSite\",\"@id\":\"https:\\\/\\\/goldenstatebehavior.com\\\/#website\",\"url\":\"https:\\\/\\\/goldenstatebehavior.com\\\/\",\"name\":\"Golden State Behavior\",\"description\":\"Empoderando a los ni\u00f1os a trav\u00e9s de la terapia ABA personalizada en sus entornos naturales\",\"potentialAction\":[{\"@type\":\"SearchAction\",\"target\":{\"@type\":\"EntryPoint\",\"urlTemplate\":\"https:\\\/\\\/goldenstatebehavior.com\\\/?s={search_term_string}\"},\"query-input\":{\"@type\":\"PropertyValueSpecification\",\"valueRequired\":true,\"valueName\":\"search_term_string\"}}],\"inLanguage\":\"es\"}]}<\/script>\n<!-- \/ Yoast SEO plugin. -->","yoast_head_json":{"title":"Terapia y Tratamiento para el Autismo en San Rafael | TEA en el Condado de Marin","description":"Obtenga terapia conductual especializada para el autismo, tratamiento del espectro autista (TEA) y terapia ABA en San Rafael y Novato. El mejor cuidado para el trastorno del espectro autista.","robots":{"index":"index","follow":"follow","max-snippet":"max-snippet:-1","max-image-preview":"max-image-preview:large","max-video-preview":"max-video-preview:-1"},"canonical":"https:\/\/goldenstatebehavior.com\/es\/trastorno-del-espectro-autista\/","og_locale":"es_ES","og_type":"article","og_title":"Terapia y Tratamiento para el Autismo en San Rafael | TEA en el Condado de Marin","og_description":"Obtenga terapia conductual especializada para el autismo, tratamiento del espectro autista (TEA) y terapia ABA en San Rafael y Novato. El mejor cuidado para el trastorno del espectro autista.","og_url":"https:\/\/goldenstatebehavior.com\/es\/trastorno-del-espectro-autista\/","og_site_name":"Golden State Behavior","article_modified_time":"2025-05-06T17:37:04+00:00","og_image":[{"url":"https:\/\/goldenstatebehavior.com\/wp-content\/uploads\/2024\/12\/Group-31-22.png","type":"","width":"","height":""}],"twitter_card":"summary_large_image","twitter_misc":{"Tiempo de lectura":"4 minutos"},"schema":{"@context":"https:\/\/schema.org","@graph":[{"@type":"WebPage","@id":"https:\/\/goldenstatebehavior.com\/es\/trastorno-del-espectro-autista\/","url":"https:\/\/goldenstatebehavior.com\/es\/trastorno-del-espectro-autista\/","name":"Terapia y Tratamiento para el Autismo en San Rafael | TEA en el Condado de Marin","isPartOf":{"@id":"https:\/\/goldenstatebehavior.com\/#website"},"primaryImageOfPage":{"@id":"https:\/\/goldenstatebehavior.com\/es\/trastorno-del-espectro-autista\/#primaryimage"},"image":{"@id":"https:\/\/goldenstatebehavior.com\/es\/trastorno-del-espectro-autista\/#primaryimage"},"thumbnailUrl":"https:\/\/goldenstatebehavior.com\/wp-content\/uploads\/2024\/12\/Group-31-22.png","datePublished":"2024-11-14T06:02:51+00:00","dateModified":"2025-05-06T17:37:04+00:00","description":"Obtenga terapia conductual especializada para el autismo, tratamiento del espectro autista (TEA) y terapia ABA en San Rafael y Novato. El mejor cuidado para el trastorno del espectro autista.","breadcrumb":{"@id":"https:\/\/goldenstatebehavior.com\/es\/trastorno-del-espectro-autista\/#breadcrumb"},"inLanguage":"es","potentialAction":[{"@type":"ReadAction","target":["https:\/\/goldenstatebehavior.com\/es\/trastorno-del-espectro-autista\/"]}]},{"@type":"ImageObject","inLanguage":"es","@id":"https:\/\/goldenstatebehavior.com\/es\/trastorno-del-espectro-autista\/#primaryimage","url":"https:\/\/goldenstatebehavior.com\/wp-content\/uploads\/2024\/12\/Group-31-22.png","contentUrl":"https:\/\/goldenstatebehavior.com\/wp-content\/uploads\/2024\/12\/Group-31-22.png"},{"@type":"BreadcrumbList","@id":"https:\/\/goldenstatebehavior.com\/es\/trastorno-del-espectro-autista\/#breadcrumb","itemListElement":[{"@type":"ListItem","position":1,"name":"Home","item":"https:\/\/goldenstatebehavior.com\/es\/"},{"@type":"ListItem","position":2,"name":"Trastorno del espectro autista (TEA)"}]},{"@type":"WebSite","@id":"https:\/\/goldenstatebehavior.com\/#website","url":"https:\/\/goldenstatebehavior.com\/","name":"Golden State Behavior","description":"Empoderando a los ni\u00f1os a trav\u00e9s de la terapia ABA personalizada en sus entornos naturales","potentialAction":[{"@type":"SearchAction","target":{"@type":"EntryPoint","urlTemplate":"https:\/\/goldenstatebehavior.com\/?s={search_term_string}"},"query-input":{"@type":"PropertyValueSpecification","valueRequired":true,"valueName":"search_term_string"}}],"inLanguage":"es"}]}},"_links":{"self":[{"href":"https:\/\/goldenstatebehavior.com\/es\/wp-json\/wp\/v2\/pages\/1250","targetHints":{"allow":["GET"]}}],"collection":[{"href":"https:\/\/goldenstatebehavior.com\/es\/wp-json\/wp\/v2\/pages"}],"about":[{"href":"https:\/\/goldenstatebehavior.com\/es\/wp-json\/wp\/v2\/types\/page"}],"author":[{"embeddable":true,"href":"https:\/\/goldenstatebehavior.com\/es\/wp-json\/wp\/v2\/users\/2"}],"replies":[{"embeddable":true,"href":"https:\/\/goldenstatebehavior.com\/es\/wp-json\/wp\/v2\/comments?post=1250"}],"version-history":[{"count":24,"href":"https:\/\/goldenstatebehavior.com\/es\/wp-json\/wp\/v2\/pages\/1250\/revisions"}],"predecessor-version":[{"id":2590,"href":"https:\/\/goldenstatebehavior.com\/es\/wp-json\/wp\/v2\/pages\/1250\/revisions\/2590"}],"wp:attachment":[{"href":"https:\/\/goldenstatebehavior.com\/es\/wp-json\/wp\/v2\/media?parent=1250"}],"curies":[{"name":"wp","href":"https:\/\/api.w.org\/{rel}","templated":true}]}}