{"id":1972,"date":"2024-11-22T07:39:13","date_gmt":"2024-11-22T07:39:13","guid":{"rendered":"https:\/\/goldenstatebehavior.com\/trastorno-por-deficit-de-atencion-e-hiperactividad-tdah\/"},"modified":"2025-05-06T17:38:43","modified_gmt":"2025-05-06T17:38:43","slug":"trastorno-por-deficit-de-atencion-e-hiperactividad-tdah","status":"publish","type":"page","link":"https:\/\/goldenstatebehavior.com\/es\/trastorno-por-deficit-de-atencion-e-hiperactividad-tdah\/","title":{"rendered":"Trastorno por d\u00e9ficit de atenci\u00f3n e hiperactividad (TDAH)"},"content":{"rendered":"\t\t<div data-elementor-type=\"wp-page\" data-elementor-id=\"1972\" class=\"elementor elementor-1972 elementor-1407\">\n\t\t\t\t<div class=\"elementor-element elementor-element-501a5a43 e-flex e-con-boxed e-con e-parent\" data-id=\"501a5a43\" data-element_type=\"container\" data-e-type=\"container\" id=\"about-us\">\n\t\t\t\t\t<div class=\"e-con-inner\">\n\t\t<div class=\"elementor-element elementor-element-32859be7 e-con-full animated-slow e-flex elementor-invisible e-con e-child\" data-id=\"32859be7\" data-element_type=\"container\" data-e-type=\"container\" data-settings=\"{&quot;animation&quot;:&quot;fadeInLeft&quot;}\">\n\t\t\t\t<div class=\"elementor-element elementor-element-4405855c qa-heading elementor-widget elementor-widget-heading\" data-id=\"4405855c\" data-element_type=\"widget\" data-e-type=\"widget\" data-widget_type=\"heading.default\">\n\t\t\t\t<div class=\"elementor-widget-container\">\n\t\t\t\t\t<h2 class=\"elementor-heading-title elementor-size-default\">\u00bfQu\u00e9 es el TDAH?<\/h2>\t\t\t\t<\/div>\n\t\t\t\t<\/div>\n\t\t\t\t<div class=\"elementor-element elementor-element-6441c237 color-scheme-inherit text-left elementor-widget elementor-widget-text-editor\" data-id=\"6441c237\" data-element_type=\"widget\" data-e-type=\"widget\" data-widget_type=\"text-editor.default\">\n\t\t\t\t<div class=\"elementor-widget-container\">\n\t\t\t\t\t\t\t\t\t<p>El trastorno por d\u00e9ficit de atenci\u00f3n e hiperactividad es una afecci\u00f3n del desarrollo neurol\u00f3gico que afecta la capacidad del ni\u00f1o para concentrarse, practicar el autocontrol y regular las conductas. Esa es la definici\u00f3n formal. Pero desde la perspectiva de un ni\u00f1o, el TDAH puede sentirse como una bolsa de pl\u00e1stico que flota en el viento, constantemente jalada en diferentes direcciones, especialmente cuando la vida se vuelve ca\u00f3tica. Pueden ser un torbellino de energ\u00eda, con dificultad para mantenerse quietos o concentrados en entornos estructurados.<\/p><p>Si est\u00e1 buscando un tratamiento confiable para el TDAH en Novato o necesita una terapia personalizada para el TDAH en el condado de Marin, el reconocimiento y el apoyo tempranos pueden marcar una diferencia significativa.<\/p>\t\t\t\t\t\t\t\t<\/div>\n\t\t\t\t<\/div>\n\t\t\t\t<\/div>\n\t\t<div class=\"elementor-element elementor-element-421fc467 e-con-full animated-slow e-flex elementor-invisible e-con e-child\" data-id=\"421fc467\" data-element_type=\"container\" data-e-type=\"container\" data-settings=\"{&quot;animation&quot;:&quot;fadeInRight&quot;}\">\n\t\t\t\t<div class=\"elementor-element elementor-element-3e8d826e elementor-widget elementor-widget-image\" data-id=\"3e8d826e\" data-element_type=\"widget\" data-e-type=\"widget\" data-widget_type=\"image.default\">\n\t\t\t\t<div class=\"elementor-widget-container\">\n\t\t\t\t\t\t\t\t\t\t\t\t\t\t\t<img decoding=\"async\" width=\"715\" height=\"715\" src=\"https:\/\/goldenstatebehavior.com\/wp-content\/uploads\/2024\/11\/Group-31-19-1.png\" class=\"attachment-large size-large wp-image-1975\" alt=\"ADHD treatment for kids\" srcset=\"https:\/\/goldenstatebehavior.com\/wp-content\/uploads\/2024\/11\/Group-31-19-1.png 715w, https:\/\/goldenstatebehavior.com\/wp-content\/uploads\/2024\/11\/Group-31-19-1-300x300.png 300w, https:\/\/goldenstatebehavior.com\/wp-content\/uploads\/2024\/11\/Group-31-19-1-150x150.png 150w\" sizes=\"(max-width: 715px) 100vw, 715px\" \/>\t\t\t\t\t\t\t\t\t\t\t\t\t\t\t<\/div>\n\t\t\t\t<\/div>\n\t\t\t\t<\/div>\n\t\t\t\t\t<\/div>\n\t\t\t\t<\/div>\n\t\t<div class=\"elementor-element elementor-element-222781e8 wd-section-stretch e-flex e-con-boxed e-con e-parent\" data-id=\"222781e8\" data-element_type=\"container\" data-e-type=\"container\" data-settings=\"{&quot;background_background&quot;:&quot;classic&quot;}\">\n\t\t\t\t\t<div class=\"e-con-inner\">\n\t\t<div class=\"elementor-element elementor-element-77e42371 e-con-full animated-slow e-flex elementor-invisible e-con e-child\" data-id=\"77e42371\" data-element_type=\"container\" data-e-type=\"container\" data-settings=\"{&quot;animation&quot;:&quot;fadeInLeft&quot;}\">\n\t\t\t\t<div class=\"elementor-element elementor-element-46472a47 elementor-widget elementor-widget-image\" data-id=\"46472a47\" data-element_type=\"widget\" data-e-type=\"widget\" data-widget_type=\"image.default\">\n\t\t\t\t<div class=\"elementor-widget-container\">\n\t\t\t\t\t\t\t\t\t\t\t\t\t\t\t<img decoding=\"async\" width=\"730\" height=\"558\" src=\"https:\/\/goldenstatebehavior.com\/wp-content\/uploads\/2024\/11\/Diverse-Young-Adults-Group-Portrait-1-17-1.png\" class=\"attachment-large size-large wp-image-1976\" alt=\"Golden State Behavior\" srcset=\"https:\/\/goldenstatebehavior.com\/wp-content\/uploads\/2024\/11\/Diverse-Young-Adults-Group-Portrait-1-17-1.png 730w, https:\/\/goldenstatebehavior.com\/wp-content\/uploads\/2024\/11\/Diverse-Young-Adults-Group-Portrait-1-17-1-300x229.png 300w\" sizes=\"(max-width: 730px) 100vw, 730px\" \/>\t\t\t\t\t\t\t\t\t\t\t\t\t\t\t<\/div>\n\t\t\t\t<\/div>\n\t\t\t\t<\/div>\n\t\t<div class=\"elementor-element elementor-element-6096261c e-con-full animated-slow e-flex elementor-invisible e-con e-child\" data-id=\"6096261c\" data-element_type=\"container\" data-e-type=\"container\" data-settings=\"{&quot;animation&quot;:&quot;fadeInRight&quot;}\">\n\t\t\t\t<div class=\"elementor-element elementor-element-3958b8be qa-heading elementor-widget elementor-widget-heading\" data-id=\"3958b8be\" data-element_type=\"widget\" data-e-type=\"widget\" data-widget_type=\"heading.default\">\n\t\t\t\t<div class=\"elementor-widget-container\">\n\t\t\t\t\t<h2 class=\"elementor-heading-title elementor-size-default\">\u00bfQu\u00e9 causa el TDAH?<\/h2>\t\t\t\t<\/div>\n\t\t\t\t<\/div>\n\t\t\t\t<div class=\"elementor-element elementor-element-7f9f62ff color-scheme-inherit text-left elementor-widget elementor-widget-text-editor\" data-id=\"7f9f62ff\" data-element_type=\"widget\" data-e-type=\"widget\" data-widget_type=\"text-editor.default\">\n\t\t\t\t<div class=\"elementor-widget-container\">\n\t\t\t\t\t\t\t\t\t<p>Si bien los investigadores contin\u00faan debatiendo la causa exacta del TDAH, los estudios sugieren que podr\u00eda haber m\u00e1s de una fuente:<\/p><ul><li><strong>Gen\u00e9tica:<\/strong> el trastorno por d\u00e9ficit de atenci\u00f3n e hiperactividad suele ser hereditario.<\/li><li><strong>Desarrollo del cerebro:<\/strong> Los ni\u00f1os con TDAH a menudo presentan diferencias f\u00edsicas en la estructura del cerebro: \u00a1sus cerebros est\u00e1n literalmente conectados de manera diferente!<\/li><li><strong>Factores ambientales:<\/strong> desde el nacimiento prematuro hasta el bajo peso al nacer o la exposici\u00f3n prenatal a sustancias, varios aspectos ambientales pueden desencadenar el desarrollo del TDAH.<\/li><\/ul><p>Ya sea que necesite terapia pedi\u00e1trica para el TDAH en Marin o est\u00e9 buscando servicios de terapia para el TDAH en el hogar, comprender el origen ayuda a adaptar la intervenci\u00f3n adecuada para su hijo.<\/p>\t\t\t\t\t\t\t\t<\/div>\n\t\t\t\t<\/div>\n\t\t\t\t<\/div>\n\t\t\t\t\t<\/div>\n\t\t\t\t<\/div>\n\t\t<div class=\"elementor-element elementor-element-9a9aae0 e-flex e-con-boxed e-con e-parent\" data-id=\"9a9aae0\" data-element_type=\"container\" data-e-type=\"container\">\n\t\t\t\t\t<div class=\"e-con-inner\">\n\t\t<div class=\"elementor-element elementor-element-973fcc8 e-con-full animated-slow e-flex elementor-invisible e-con e-child\" data-id=\"973fcc8\" data-element_type=\"container\" data-e-type=\"container\" data-settings=\"{&quot;animation&quot;:&quot;fadeInLeft&quot;}\">\n\t\t\t\t<div class=\"elementor-element elementor-element-192c962 qa-heading elementor-widget elementor-widget-heading\" data-id=\"192c962\" data-element_type=\"widget\" data-e-type=\"widget\" data-widget_type=\"heading.default\">\n\t\t\t\t<div class=\"elementor-widget-container\">\n\t\t\t\t\t<h2 class=\"elementor-heading-title elementor-size-default\">\u00bfC\u00f3mo se trata el TDAH?<\/h2>\t\t\t\t<\/div>\n\t\t\t\t<\/div>\n\t\t\t\t<div class=\"elementor-element elementor-element-ee81bcc color-scheme-inherit text-left elementor-widget elementor-widget-text-editor\" data-id=\"ee81bcc\" data-element_type=\"widget\" data-e-type=\"widget\" data-widget_type=\"text-editor.default\">\n\t\t\t\t<div class=\"elementor-widget-container\">\n\t\t\t\t\t\t\t\t\t<p>Si bien vivir con un trastorno por d\u00e9ficit de atenci\u00f3n e hiperactividad puede ser un desaf\u00edo, es completamente manejable mediante las intervenciones adecuadas. Con el apoyo adecuado, los ni\u00f1os pueden seguir con m\u00e1s gracia los flujos y reflujos de la vida, en lugar de ser arrastrados agresivamente en todas direcciones. \u00bfEl secreto? Convertir los desaf\u00edos de su hijo en fortalezas que pueda utilizar para prosperar, ahora y en el futuro.<\/p>\t\t\t\t\t\t\t\t<\/div>\n\t\t\t\t<\/div>\n\t\t\t\t<div class=\"elementor-element elementor-element-642eb77 elementor-widget elementor-widget-button\" data-id=\"642eb77\" data-element_type=\"widget\" data-e-type=\"widget\" data-widget_type=\"button.default\">\n\t\t\t\t<div class=\"elementor-widget-container\">\n\t\t\t\t\t\t\t\t\t<div class=\"elementor-button-wrapper\">\n\t\t\t\t\t<a class=\"elementor-button elementor-button-link elementor-size-sm\" href=\"https:\/\/goldenstatebehavior.com\/es\/contacta-con-nosotros\/\">\n\t\t\t\t\t\t<span class=\"elementor-button-content-wrapper\">\n\t\t\t\t\t\t\t\t\t<span class=\"elementor-button-text\">Contacta con nosotras<\/span>\n\t\t\t\t\t<\/span>\n\t\t\t\t\t<\/a>\n\t\t\t\t<\/div>\n\t\t\t\t\t\t\t\t<\/div>\n\t\t\t\t<\/div>\n\t\t\t\t<\/div>\n\t\t<div class=\"elementor-element elementor-element-82bf74e e-con-full animated-slow e-flex elementor-invisible e-con e-child\" data-id=\"82bf74e\" data-element_type=\"container\" data-e-type=\"container\" data-settings=\"{&quot;animation&quot;:&quot;fadeInRight&quot;}\">\n\t\t\t\t<div class=\"elementor-element elementor-element-f203113 elementor-widget elementor-widget-image\" data-id=\"f203113\" data-element_type=\"widget\" data-e-type=\"widget\" data-widget_type=\"image.default\">\n\t\t\t\t<div class=\"elementor-widget-container\">\n\t\t\t\t\t\t\t\t\t\t\t\t\t\t\t<img decoding=\"async\" width=\"715\" height=\"715\" src=\"https:\/\/goldenstatebehavior.com\/wp-content\/uploads\/2024\/11\/Group-31-23.png\" class=\"attachment-large size-large wp-image-1974\" alt=\"ADHD treatment for kids\" srcset=\"https:\/\/goldenstatebehavior.com\/wp-content\/uploads\/2024\/11\/Group-31-23.png 715w, https:\/\/goldenstatebehavior.com\/wp-content\/uploads\/2024\/11\/Group-31-23-300x300.png 300w, https:\/\/goldenstatebehavior.com\/wp-content\/uploads\/2024\/11\/Group-31-23-150x150.png 150w\" sizes=\"(max-width: 715px) 100vw, 715px\" \/>\t\t\t\t\t\t\t\t\t\t\t\t\t\t\t<\/div>\n\t\t\t\t<\/div>\n\t\t\t\t<\/div>\n\t\t\t\t\t<\/div>\n\t\t\t\t<\/div>\n\t\t\t\t<\/div>\n\t\t","protected":false},"excerpt":{"rendered":"<p>\u00bfQu\u00e9 es el TDAH? El trastorno por d\u00e9ficit de atenci\u00f3n e hiperactividad es una afecci\u00f3n del desarrollo neurol\u00f3gico que afecta<\/p>\n","protected":false},"author":2,"featured_media":0,"parent":0,"menu_order":0,"comment_status":"closed","ping_status":"closed","template":"","meta":{"footnotes":""},"class_list":["post-1972","page","type-page","status-publish","hentry"],"yoast_head":"<!-- This site is optimized with the Yoast SEO plugin v27.5 - https:\/\/yoast.com\/product\/yoast-seo-wordpress\/ -->\n<title>Terapia para el TDAH en Ni\u00f1os en San Rafael y el Condado de Marin<\/title>\n<meta name=\"description\" content=\"Reciba terapia y tratamiento confiables para el TDAH en ni\u00f1os en San Rafael, Novato y el Condado de Marin. Contamos con servicios a domicilio y apoyo pedi\u00e1trico especializado.\" \/>\n<meta name=\"robots\" content=\"index, follow, max-snippet:-1, max-image-preview:large, max-video-preview:-1\" \/>\n<link rel=\"canonical\" href=\"https:\/\/goldenstatebehavior.com\/es\/trastorno-por-deficit-de-atencion-e-hiperactividad-tdah\/\" \/>\n<meta property=\"og:locale\" content=\"es_ES\" \/>\n<meta property=\"og:type\" content=\"article\" \/>\n<meta property=\"og:title\" content=\"Terapia para el TDAH en Ni\u00f1os en San Rafael y el Condado de Marin\" \/>\n<meta property=\"og:description\" content=\"Reciba terapia y tratamiento confiables para el TDAH en ni\u00f1os en San Rafael, Novato y el Condado de Marin. Contamos con servicios a domicilio y apoyo pedi\u00e1trico especializado.\" \/>\n<meta property=\"og:url\" content=\"https:\/\/goldenstatebehavior.com\/es\/trastorno-por-deficit-de-atencion-e-hiperactividad-tdah\/\" \/>\n<meta property=\"og:site_name\" content=\"Golden State Behavior\" \/>\n<meta property=\"article:modified_time\" content=\"2025-05-06T17:38:43+00:00\" \/>\n<meta property=\"og:image\" content=\"https:\/\/goldenstatebehavior.com\/wp-content\/uploads\/2024\/11\/Group-31-19-1.png\" \/>\n<meta name=\"twitter:card\" content=\"summary_large_image\" \/>\n<meta name=\"twitter:label1\" content=\"Tiempo de lectura\" \/>\n\t<meta name=\"twitter:data1\" content=\"3 minutos\" \/>\n<script type=\"application\/ld+json\" class=\"yoast-schema-graph\">{\"@context\":\"https:\\\/\\\/schema.org\",\"@graph\":[{\"@type\":\"WebPage\",\"@id\":\"https:\\\/\\\/goldenstatebehavior.com\\\/es\\\/trastorno-por-deficit-de-atencion-e-hiperactividad-tdah\\\/\",\"url\":\"https:\\\/\\\/goldenstatebehavior.com\\\/es\\\/trastorno-por-deficit-de-atencion-e-hiperactividad-tdah\\\/\",\"name\":\"Terapia para el TDAH en Ni\u00f1os en San Rafael y el Condado de Marin\",\"isPartOf\":{\"@id\":\"https:\\\/\\\/goldenstatebehavior.com\\\/#website\"},\"primaryImageOfPage\":{\"@id\":\"https:\\\/\\\/goldenstatebehavior.com\\\/es\\\/trastorno-por-deficit-de-atencion-e-hiperactividad-tdah\\\/#primaryimage\"},\"image\":{\"@id\":\"https:\\\/\\\/goldenstatebehavior.com\\\/es\\\/trastorno-por-deficit-de-atencion-e-hiperactividad-tdah\\\/#primaryimage\"},\"thumbnailUrl\":\"https:\\\/\\\/goldenstatebehavior.com\\\/wp-content\\\/uploads\\\/2024\\\/11\\\/Group-31-19-1.png\",\"datePublished\":\"2024-11-22T07:39:13+00:00\",\"dateModified\":\"2025-05-06T17:38:43+00:00\",\"description\":\"Reciba terapia y tratamiento confiables para el TDAH en ni\u00f1os en San Rafael, Novato y el Condado de Marin. Contamos con servicios a domicilio y apoyo pedi\u00e1trico especializado.\",\"breadcrumb\":{\"@id\":\"https:\\\/\\\/goldenstatebehavior.com\\\/es\\\/trastorno-por-deficit-de-atencion-e-hiperactividad-tdah\\\/#breadcrumb\"},\"inLanguage\":\"es\",\"potentialAction\":[{\"@type\":\"ReadAction\",\"target\":[\"https:\\\/\\\/goldenstatebehavior.com\\\/es\\\/trastorno-por-deficit-de-atencion-e-hiperactividad-tdah\\\/\"]}]},{\"@type\":\"ImageObject\",\"inLanguage\":\"es\",\"@id\":\"https:\\\/\\\/goldenstatebehavior.com\\\/es\\\/trastorno-por-deficit-de-atencion-e-hiperactividad-tdah\\\/#primaryimage\",\"url\":\"https:\\\/\\\/goldenstatebehavior.com\\\/wp-content\\\/uploads\\\/2024\\\/11\\\/Group-31-19-1.png\",\"contentUrl\":\"https:\\\/\\\/goldenstatebehavior.com\\\/wp-content\\\/uploads\\\/2024\\\/11\\\/Group-31-19-1.png\"},{\"@type\":\"BreadcrumbList\",\"@id\":\"https:\\\/\\\/goldenstatebehavior.com\\\/es\\\/trastorno-por-deficit-de-atencion-e-hiperactividad-tdah\\\/#breadcrumb\",\"itemListElement\":[{\"@type\":\"ListItem\",\"position\":1,\"name\":\"Home\",\"item\":\"https:\\\/\\\/goldenstatebehavior.com\\\/es\\\/\"},{\"@type\":\"ListItem\",\"position\":2,\"name\":\"Trastorno por d\u00e9ficit de atenci\u00f3n e hiperactividad (TDAH)\"}]},{\"@type\":\"WebSite\",\"@id\":\"https:\\\/\\\/goldenstatebehavior.com\\\/#website\",\"url\":\"https:\\\/\\\/goldenstatebehavior.com\\\/\",\"name\":\"Golden State Behavior\",\"description\":\"Empoderando a los ni\u00f1os a trav\u00e9s de la terapia ABA personalizada en sus entornos naturales\",\"potentialAction\":[{\"@type\":\"SearchAction\",\"target\":{\"@type\":\"EntryPoint\",\"urlTemplate\":\"https:\\\/\\\/goldenstatebehavior.com\\\/?s={search_term_string}\"},\"query-input\":{\"@type\":\"PropertyValueSpecification\",\"valueRequired\":true,\"valueName\":\"search_term_string\"}}],\"inLanguage\":\"es\"}]}<\/script>\n<!-- \/ Yoast SEO plugin. -->","yoast_head_json":{"title":"Terapia para el TDAH en Ni\u00f1os en San Rafael y el Condado de Marin","description":"Reciba terapia y tratamiento confiables para el TDAH en ni\u00f1os en San Rafael, Novato y el Condado de Marin. Contamos con servicios a domicilio y apoyo pedi\u00e1trico especializado.","robots":{"index":"index","follow":"follow","max-snippet":"max-snippet:-1","max-image-preview":"max-image-preview:large","max-video-preview":"max-video-preview:-1"},"canonical":"https:\/\/goldenstatebehavior.com\/es\/trastorno-por-deficit-de-atencion-e-hiperactividad-tdah\/","og_locale":"es_ES","og_type":"article","og_title":"Terapia para el TDAH en Ni\u00f1os en San Rafael y el Condado de Marin","og_description":"Reciba terapia y tratamiento confiables para el TDAH en ni\u00f1os en San Rafael, Novato y el Condado de Marin. Contamos con servicios a domicilio y apoyo pedi\u00e1trico especializado.","og_url":"https:\/\/goldenstatebehavior.com\/es\/trastorno-por-deficit-de-atencion-e-hiperactividad-tdah\/","og_site_name":"Golden State Behavior","article_modified_time":"2025-05-06T17:38:43+00:00","og_image":[{"url":"https:\/\/goldenstatebehavior.com\/wp-content\/uploads\/2024\/11\/Group-31-19-1.png","type":"","width":"","height":""}],"twitter_card":"summary_large_image","twitter_misc":{"Tiempo de lectura":"3 minutos"},"schema":{"@context":"https:\/\/schema.org","@graph":[{"@type":"WebPage","@id":"https:\/\/goldenstatebehavior.com\/es\/trastorno-por-deficit-de-atencion-e-hiperactividad-tdah\/","url":"https:\/\/goldenstatebehavior.com\/es\/trastorno-por-deficit-de-atencion-e-hiperactividad-tdah\/","name":"Terapia para el TDAH en Ni\u00f1os en San Rafael y el Condado de Marin","isPartOf":{"@id":"https:\/\/goldenstatebehavior.com\/#website"},"primaryImageOfPage":{"@id":"https:\/\/goldenstatebehavior.com\/es\/trastorno-por-deficit-de-atencion-e-hiperactividad-tdah\/#primaryimage"},"image":{"@id":"https:\/\/goldenstatebehavior.com\/es\/trastorno-por-deficit-de-atencion-e-hiperactividad-tdah\/#primaryimage"},"thumbnailUrl":"https:\/\/goldenstatebehavior.com\/wp-content\/uploads\/2024\/11\/Group-31-19-1.png","datePublished":"2024-11-22T07:39:13+00:00","dateModified":"2025-05-06T17:38:43+00:00","description":"Reciba terapia y tratamiento confiables para el TDAH en ni\u00f1os en San Rafael, Novato y el Condado de Marin. Contamos con servicios a domicilio y apoyo pedi\u00e1trico especializado.","breadcrumb":{"@id":"https:\/\/goldenstatebehavior.com\/es\/trastorno-por-deficit-de-atencion-e-hiperactividad-tdah\/#breadcrumb"},"inLanguage":"es","potentialAction":[{"@type":"ReadAction","target":["https:\/\/goldenstatebehavior.com\/es\/trastorno-por-deficit-de-atencion-e-hiperactividad-tdah\/"]}]},{"@type":"ImageObject","inLanguage":"es","@id":"https:\/\/goldenstatebehavior.com\/es\/trastorno-por-deficit-de-atencion-e-hiperactividad-tdah\/#primaryimage","url":"https:\/\/goldenstatebehavior.com\/wp-content\/uploads\/2024\/11\/Group-31-19-1.png","contentUrl":"https:\/\/goldenstatebehavior.com\/wp-content\/uploads\/2024\/11\/Group-31-19-1.png"},{"@type":"BreadcrumbList","@id":"https:\/\/goldenstatebehavior.com\/es\/trastorno-por-deficit-de-atencion-e-hiperactividad-tdah\/#breadcrumb","itemListElement":[{"@type":"ListItem","position":1,"name":"Home","item":"https:\/\/goldenstatebehavior.com\/es\/"},{"@type":"ListItem","position":2,"name":"Trastorno por d\u00e9ficit de atenci\u00f3n e hiperactividad (TDAH)"}]},{"@type":"WebSite","@id":"https:\/\/goldenstatebehavior.com\/#website","url":"https:\/\/goldenstatebehavior.com\/","name":"Golden State Behavior","description":"Empoderando a los ni\u00f1os a trav\u00e9s de la terapia ABA personalizada en sus entornos naturales","potentialAction":[{"@type":"SearchAction","target":{"@type":"EntryPoint","urlTemplate":"https:\/\/goldenstatebehavior.com\/?s={search_term_string}"},"query-input":{"@type":"PropertyValueSpecification","valueRequired":true,"valueName":"search_term_string"}}],"inLanguage":"es"}]}},"_links":{"self":[{"href":"https:\/\/goldenstatebehavior.com\/es\/wp-json\/wp\/v2\/pages\/1972","targetHints":{"allow":["GET"]}}],"collection":[{"href":"https:\/\/goldenstatebehavior.com\/es\/wp-json\/wp\/v2\/pages"}],"about":[{"href":"https:\/\/goldenstatebehavior.com\/es\/wp-json\/wp\/v2\/types\/page"}],"author":[{"embeddable":true,"href":"https:\/\/goldenstatebehavior.com\/es\/wp-json\/wp\/v2\/users\/2"}],"replies":[{"embeddable":true,"href":"https:\/\/goldenstatebehavior.com\/es\/wp-json\/wp\/v2\/comments?post=1972"}],"version-history":[{"count":16,"href":"https:\/\/goldenstatebehavior.com\/es\/wp-json\/wp\/v2\/pages\/1972\/revisions"}],"predecessor-version":[{"id":2594,"href":"https:\/\/goldenstatebehavior.com\/es\/wp-json\/wp\/v2\/pages\/1972\/revisions\/2594"}],"wp:attachment":[{"href":"https:\/\/goldenstatebehavior.com\/es\/wp-json\/wp\/v2\/media?parent=1972"}],"curies":[{"name":"wp","href":"https:\/\/api.w.org\/{rel}","templated":true}]}}