{"id":1983,"date":"2024-11-14T06:03:46","date_gmt":"2024-11-14T06:03:46","guid":{"rendered":"https:\/\/goldenstatebehavior.com\/contacta-con-nosotros\/"},"modified":"2025-05-06T17:36:03","modified_gmt":"2025-05-06T17:36:03","slug":"contacta-con-nosotros","status":"publish","type":"page","link":"https:\/\/goldenstatebehavior.com\/es\/contacta-con-nosotros\/","title":{"rendered":"Contacta con nosotros"},"content":{"rendered":"\t\t<div data-elementor-type=\"wp-page\" data-elementor-id=\"1983\" class=\"elementor elementor-1983 elementor-24\">\n\t\t\t\t<div class=\"elementor-element elementor-element-6bedc021 e-flex e-con-boxed e-con e-parent\" data-id=\"6bedc021\" data-element_type=\"container\" data-e-type=\"container\">\n\t\t\t\t\t<div class=\"e-con-inner\">\n\t\t\t\t\t<link rel=\"stylesheet\" id=\"wd-mod-animations-keyframes-css\" href=\"https:\/\/goldenstatebehavior.com\/wp-content\/themes\/woodmart\/css\/parts\/mod-animations-keyframes.min.css?ver=8.4.1\" type=\"text\/css\" media=\"all\" \/> \t\t\t\t\t<div class=\"elementor-element elementor-element-a9f8a8d elementor-widget__width-initial elementor-widget-tablet__width-inherit elementor-widget-mobile__width-inherit qa-heading animated-slow elementor-invisible elementor-widget elementor-widget-heading\" data-id=\"a9f8a8d\" data-element_type=\"widget\" data-e-type=\"widget\" data-settings=\"{&quot;_animation&quot;:&quot;fadeInLeft&quot;}\" data-widget_type=\"heading.default\">\n\t\t\t\t<div class=\"elementor-widget-container\">\n\t\t\t\t\t<h2 class=\"elementor-heading-title elementor-size-default\">Tu viaje hacia la alegr\u00eda comienza aqu\u00ed<\/h2>\t\t\t\t<\/div>\n\t\t\t\t<\/div>\n\t\t\t\t<div class=\"elementor-element elementor-element-6f78184 animated-slow text-center color-scheme-inherit elementor-invisible elementor-widget elementor-widget-text-editor\" data-id=\"6f78184\" data-element_type=\"widget\" data-e-type=\"widget\" data-settings=\"{&quot;_animation&quot;:&quot;fadeInRight&quot;}\" data-widget_type=\"text-editor.default\">\n\t\t\t\t<div class=\"elementor-widget-container\">\n\t\t\t\t\t\t\t\t\t<p>\u00bfEst\u00e1s listo para ver c\u00f3mo tu hijo mejora en todos los aspectos de su vida? Bueno, \u00a1trabajemos juntos para ser el viento bajo sus alas, d\u00e1ndoles el impulso que necesitan para volar! Comun\u00edquese para obtener m\u00e1s informaci\u00f3n sobre nuestra asequible terapia ABA, c\u00f3mo podemos ayudarlo a navegar por los seguros o para recibir un poco de orientaci\u00f3n en su viaje a trav\u00e9s del An\u00e1lisis de Comportamiento Aplicado.<\/p>\t\t\t\t\t\t\t\t<\/div>\n\t\t\t\t<\/div>\n\t\t<div class=\"elementor-element elementor-element-35599854 e-flex e-con-boxed e-con e-child\" data-id=\"35599854\" data-element_type=\"container\" data-e-type=\"container\">\n\t\t\t\t\t<div class=\"e-con-inner\">\n\t\t<div class=\"elementor-element elementor-element-789a6ad e-con-full animated-slow e-flex elementor-invisible e-con e-child\" data-id=\"789a6ad\" data-element_type=\"container\" data-e-type=\"container\" data-settings=\"{&quot;background_background&quot;:&quot;classic&quot;,&quot;animation&quot;:&quot;fadeInLeft&quot;}\">\n\t\t\t\t<div class=\"elementor-element elementor-element-4c2a7e1 qa-heading elementor-widget elementor-widget-heading\" data-id=\"4c2a7e1\" data-element_type=\"widget\" data-e-type=\"widget\" data-widget_type=\"heading.default\">\n\t\t\t\t<div class=\"elementor-widget-container\">\n\t\t\t\t\t<h2 class=\"elementor-heading-title elementor-size-default\">Cont\u00e1ctenos<\/h2>\t\t\t\t<\/div>\n\t\t\t\t<\/div>\n\t\t\t\t<div class=\"elementor-element elementor-element-d5b4edc color-scheme-inherit text-left elementor-widget elementor-widget-text-editor\" data-id=\"d5b4edc\" data-element_type=\"widget\" data-e-type=\"widget\" data-widget_type=\"text-editor.default\">\n\t\t\t\t<div class=\"elementor-widget-container\">\n\t\t\t\t\t\t\t\t\t<p>\u00bfTienes alguna pregunta? Nos encantar\u00eda saber de usted.<\/p>\n\t\t\t\t\t\t\t\t<\/div>\n\t\t\t\t<\/div>\n\t\t\t\t<div class=\"elementor-element elementor-element-4a956ba wd-cf7 elementor-widget elementor-widget-wd_contact_form_7\" data-id=\"4a956ba\" data-element_type=\"widget\" data-e-type=\"widget\" data-widget_type=\"wd_contact_form_7.default\">\n\t\t\t\t<div class=\"elementor-widget-container\">\n\t\t\t\t\t\n<div class=\"wpcf7 no-js\" id=\"wpcf7-f2148-o1\" lang=\"en-US\" dir=\"ltr\" data-wpcf7-id=\"2148\">\n<div class=\"screen-reader-response\"><p role=\"status\" aria-live=\"polite\" aria-atomic=\"true\"><\/p> <ul><\/ul><\/div>\n<form action=\"\/es\/wp-json\/wp\/v2\/pages\/1983#wpcf7-f2148-o1\" method=\"post\" class=\"wpcf7-form init\" aria-label=\"Contact form\" novalidate=\"novalidate\" data-status=\"init\">\n<fieldset class=\"hidden-fields-container\"><input type=\"hidden\" name=\"_wpcf7\" value=\"2148\" \/><input type=\"hidden\" name=\"_wpcf7_version\" value=\"6.1.5\" \/><input type=\"hidden\" name=\"_wpcf7_locale\" value=\"en_US\" \/><input type=\"hidden\" name=\"_wpcf7_unit_tag\" value=\"wpcf7-f2148-o1\" \/><input type=\"hidden\" name=\"_wpcf7_container_post\" value=\"0\" \/><input type=\"hidden\" name=\"_wpcf7_posted_data_hash\" value=\"\" \/><input type=\"hidden\" name=\"_wpcf7_recaptcha_response\" value=\"\" \/>\n<\/fieldset>\n<div class=\"contact-form\">\n\t<div class=\"name\">\n\t\t<p><span class=\"wpcf7-form-control-wrap\" data-name=\"text-257\"><input size=\"40\" maxlength=\"400\" class=\"wpcf7-form-control wpcf7-text\" aria-invalid=\"false\" placeholder=\"Nombre de pila\" value=\"\" type=\"text\" name=\"text-257\" \/><\/span><span class=\"wpcf7-form-control-wrap\" data-name=\"text-99\"><input size=\"40\" maxlength=\"400\" class=\"wpcf7-form-control wpcf7-text\" aria-invalid=\"false\" placeholder=\"Apellido\" value=\"\" type=\"text\" name=\"text-99\" \/><\/span>\n\t\t<\/p>\n\t<\/div>\n\t<div class=\"name\">\n\t\t<p><span class=\"wpcf7-form-control-wrap\" data-name=\"email-487\"><input size=\"40\" maxlength=\"400\" class=\"wpcf7-form-control wpcf7-email wpcf7-validates-as-required wpcf7-text wpcf7-validates-as-email\" id=\"email\" aria-required=\"true\" aria-invalid=\"false\" placeholder=\"Correo electr\u00f3nico\" value=\"\" type=\"email\" name=\"email-487\" \/><\/span><span class=\"wpcf7-form-control-wrap\" data-name=\"text-906\"><input size=\"40\" maxlength=\"400\" class=\"wpcf7-form-control wpcf7-text phone-number\" aria-invalid=\"false\" placeholder=\"Tel\u00e9fono\" value=\"\" type=\"text\" name=\"text-906\" \/><\/span>\n\t\t<\/p>\n\t<\/div>\n\t<p><span class=\"wpcf7-form-control-wrap\" data-name=\"textarea-337\"><textarea cols=\"40\" rows=\"10\" maxlength=\"2000\" class=\"wpcf7-form-control wpcf7-textarea\" aria-invalid=\"false\" placeholder=\"Mensaje\" name=\"textarea-337\"><\/textarea><\/span>\n\t<\/p>\n\t<div class=\"submit-btn\">\n\t\t<p><input class=\"wpcf7-form-control wpcf7-submit has-spinner btn\" type=\"submit\" value=\"Entregar\" \/>\n\t\t<\/p>\n\t<\/div>\n<\/div><div class=\"wpcf7-response-output\" aria-hidden=\"true\"><\/div>\n<\/form>\n<\/div>\n\t\t\t\t<\/div>\n\t\t\t\t<\/div>\n\t\t\t\t<div class=\"elementor-element elementor-element-f99a4ac elementor-widget elementor-widget-html\" data-id=\"f99a4ac\" data-element_type=\"widget\" data-e-type=\"widget\" data-widget_type=\"html.default\">\n\t\t\t\t<div class=\"elementor-widget-container\">\n\t\t\t\t\t<style>.name p{\ndisplay:flex;\ngap:20px;\nmargin-bottom:0px;\n}\n.contact-form  span{\nwidth:100%;\nmargin-bottom:20px;\ndisplay: inline-block;\n}\n\n.contact-form input, textarea {\n    background-color: #fff ;\n    height: 60px !important;\n    font-size:16px !important;\n    color: #11111C !important;\n    font-family: poppins;\n    text-transform: inherit;\n    border:1.5px solid #11111C;\n    border-radius: 8px;\n}\n.contact-info .icons .elementor-icon-list-item{\n    padding: 20px !important;\n    background-color: #fff;\n    box-shadow: 4px 4px 16px rgba(0, 0, 0, 0.10);\n    transition: all ease-in-out 0.4s !important;\n    border-radius:8px;\n}\n.wpcf7-not-valid-tip {\n    margin-bottom: 0px !important;\n}\ninput.btn {\n  border: 0px;\n}\n.submit-btn{\nwidth: 176px;\nposition: relative;\n}\n.submit-btn::after {\n    content: '';\n    background-image: url(https:\/\/goldenstatebehavior.com\/wp-content\/uploads\/2024\/11\/Ellipse-1.svg);\n    background-repeat: no-repeat;\n    background-size: contain;\n    width: 20px;\n    height: 20px;\n    position: absolute;\n    right:0;\n    top: 4%;\n    z-index: 1;\n\t  transition:all 1s ease;\n\t overflow:visible;\n}\n.submit-btn:hover::after {\n    right:90%;\n    top: 0px;\n\t transition:all 1s ease;\n}\n.submit-btn::before{\n    content: '';\n    background-image: url(https:\/\/goldenstatebehavior.com\/wp-content\/uploads\/2024\/11\/Subtraction-1.svg);\n    background-repeat: no-repeat;\n    background-size: contain;\n    width: 20px;\n    height: 20px;\n    position: absolute;\n    left: 0%;\n    bottom: 32%;\n    z-index: 1;\n\ttransition:all 1s ease;\n}\n.submit-btn:hover::before{\n    left: 90%;\n    bottom: 32%;\n\t transition:all 1s ease;\n}\n.contact-info .elementor-icon-list-item{\n    word-break: break-all;\n}\n.contact-form p{\n    margin-bottom: 0px;\n}\n.google-mape{\n height: 450px    \n}\n@media (max-width:1024px){\n.submit-btn {\n    width: 126px;\n}\n}\n@media(max-width:767px){\n    \n.name p{\n    display: flex;\n    gap: 0px;\n    flex-direction: column;\n    margin-bottom: 0px;\n}\n\/*.google-mape{*\/\n\/* height: 300px    *\/\n\/*}*\/\n}\n<\/style>\t\t\t\t<\/div>\n\t\t\t\t<\/div>\n\t\t\t\t<\/div>\n\t\t<div class=\"elementor-element elementor-element-657bbcd e-con-full contact-info animated-slow e-flex elementor-invisible e-con e-child\" data-id=\"657bbcd\" data-element_type=\"container\" data-e-type=\"container\" data-settings=\"{&quot;animation&quot;:&quot;fadeInRight&quot;}\">\n\t\t\t\t<div class=\"elementor-element elementor-element-8ec95e3 qa-heading elementor-widget elementor-widget-heading\" data-id=\"8ec95e3\" data-element_type=\"widget\" data-e-type=\"widget\" data-widget_type=\"heading.default\">\n\t\t\t\t<div class=\"elementor-widget-container\">\n\t\t\t\t\t<h2 class=\"elementor-heading-title elementor-size-default\">Informaci\u00f3n de contacto<\/h2>\t\t\t\t<\/div>\n\t\t\t\t<\/div>\n\t\t\t\t<div class=\"elementor-element elementor-element-5803e36 icon-list icons elementor-icon-list--layout-traditional elementor-list-item-link-full_width elementor-widget elementor-widget-icon-list\" data-id=\"5803e36\" data-element_type=\"widget\" data-e-type=\"widget\" data-widget_type=\"icon-list.default\">\n\t\t\t\t<div class=\"elementor-widget-container\">\n\t\t\t\t\t\t\t<ul class=\"elementor-icon-list-items\">\n\t\t\t\t\t\t\t<li class=\"elementor-icon-list-item\">\n\t\t\t\t\t\t\t\t\t\t\t<a href=\"\">\n\n\t\t\t\t\t\t\t\t\t\t\t\t<span class=\"elementor-icon-list-icon\">\n\t\t\t\t\t\t\t<svg aria-hidden=\"true\" class=\"e-font-icon-svg e-fas-phone-alt\" viewBox=\"0 0 512 512\" xmlns=\"http:\/\/www.w3.org\/2000\/svg\"><path d=\"M497.39 361.8l-112-48a24 24 0 0 0-28 6.9l-49.6 60.6A370.66 370.66 0 0 1 130.6 204.11l60.6-49.6a23.94 23.94 0 0 0 6.9-28l-48-112A24.16 24.16 0 0 0 122.6.61l-104 24A24 24 0 0 0 0 48c0 256.5 207.9 464 464 464a24 24 0 0 0 23.4-18.6l24-104a24.29 24.29 0 0 0-14.01-27.6z\"><\/path><\/svg>\t\t\t\t\t\t<\/span>\n\t\t\t\t\t\t\t\t\t\t<span class=\"elementor-icon-list-text\">(510) 501-2385<\/span>\n\t\t\t\t\t\t\t\t\t\t\t<\/a>\n\t\t\t\t\t\t\t\t\t<\/li>\n\t\t\t\t\t\t\t\t<li class=\"elementor-icon-list-item\">\n\t\t\t\t\t\t\t\t\t\t\t<a href=\"mailto:info@goldenstatebehavior.com\">\n\n\t\t\t\t\t\t\t\t\t\t\t\t<span class=\"elementor-icon-list-icon\">\n\t\t\t\t\t\t\t<svg aria-hidden=\"true\" class=\"e-font-icon-svg e-fas-envelope\" viewBox=\"0 0 512 512\" xmlns=\"http:\/\/www.w3.org\/2000\/svg\"><path d=\"M502.3 190.8c3.9-3.1 9.7-.2 9.7 4.7V400c0 26.5-21.5 48-48 48H48c-26.5 0-48-21.5-48-48V195.6c0-5 5.7-7.8 9.7-4.7 22.4 17.4 52.1 39.5 154.1 113.6 21.1 15.4 56.7 47.8 92.2 47.6 35.7.3 72-32.8 92.3-47.6 102-74.1 131.6-96.3 154-113.7zM256 320c23.2.4 56.6-29.2 73.4-41.4 132.7-96.3 142.8-104.7 173.4-128.7 5.8-4.5 9.2-11.5 9.2-18.9v-19c0-26.5-21.5-48-48-48H48C21.5 64 0 85.5 0 112v19c0 7.4 3.4 14.3 9.2 18.9 30.6 23.9 40.7 32.4 173.4 128.7 16.8 12.2 50.2 41.8 73.4 41.4z\"><\/path><\/svg>\t\t\t\t\t\t<\/span>\n\t\t\t\t\t\t\t\t\t\t<span class=\"elementor-icon-list-text\">info@goldenstatebehavior.com<\/span>\n\t\t\t\t\t\t\t\t\t\t\t<\/a>\n\t\t\t\t\t\t\t\t\t<\/li>\n\t\t\t\t\t\t<\/ul>\n\t\t\t\t\t\t<\/div>\n\t\t\t\t<\/div>\n\t\t\t\t<div class=\"elementor-element elementor-element-c3100c2 icons elementor-icon-list--layout-traditional elementor-list-item-link-full_width elementor-widget elementor-widget-icon-list\" data-id=\"c3100c2\" data-element_type=\"widget\" data-e-type=\"widget\" data-widget_type=\"icon-list.default\">\n\t\t\t\t<div class=\"elementor-widget-container\">\n\t\t\t\t\t\t\t<ul class=\"elementor-icon-list-items\">\n\t\t\t\t\t\t\t<li class=\"elementor-icon-list-item\">\n\t\t\t\t\t\t\t\t\t\t\t<span class=\"elementor-icon-list-icon\">\n\t\t\t\t\t\t\t<svg aria-hidden=\"true\" class=\"e-font-icon-svg e-fas-map-marker-alt\" viewBox=\"0 0 384 512\" xmlns=\"http:\/\/www.w3.org\/2000\/svg\"><path d=\"M172.268 501.67C26.97 291.031 0 269.413 0 192 0 85.961 85.961 0 192 0s192 85.961 192 192c0 77.413-26.97 99.031-172.268 309.67-9.535 13.774-29.93 13.773-39.464 0zM192 272c44.183 0 80-35.817 80-80s-35.817-80-80-80-80 35.817-80 80 35.817 80 80 80z\"><\/path><\/svg>\t\t\t\t\t\t<\/span>\n\t\t\t\t\t\t\t\t\t\t<span class=\"elementor-icon-list-text\">Rodeo, California<\/span>\n\t\t\t\t\t\t\t\t\t<\/li>\n\t\t\t\t\t\t<\/ul>\n\t\t\t\t\t\t<\/div>\n\t\t\t\t<\/div>\n\t\t\t\t<div class=\"elementor-element elementor-element-a032b07 e-grid-align-left elementor-shape-rounded elementor-grid-0 elementor-widget elementor-widget-social-icons\" data-id=\"a032b07\" data-element_type=\"widget\" data-e-type=\"widget\" data-widget_type=\"social-icons.default\">\n\t\t\t\t<div class=\"elementor-widget-container\">\n\t\t\t\t\t\t\t<div class=\"elementor-social-icons-wrapper elementor-grid\" role=\"list\">\n\t\t\t\t\t\t\t<span class=\"elementor-grid-item\" role=\"listitem\">\n\t\t\t\t\t<a class=\"elementor-icon elementor-social-icon elementor-social-icon-Golden State Behavior elementor-animation-bounce-in elementor-repeater-item-5ed4d8f\" href=\"https:\/\/www.linkedin.com\/company\/goldenstatebehavior\" target=\"_blank\">\n\t\t\t\t\t\t<span class=\"elementor-screen-only\">Golden State Behavior<\/span>\n\t\t\t\t\t\t<svg xmlns=\"http:\/\/www.w3.org\/2000\/svg\" width=\"25.12\" height=\"24.005\" viewBox=\"0 0 25.12 24.005\"><path id=\"Path_4738\" data-name=\"Path 4738\" d=\"M0,7.788a2.611,2.611,0,0,1,.849-2A3.113,3.113,0,0,1,3.055,5a3.021,3.021,0,0,1,2.158.776,2.735,2.735,0,0,1,.849,2.085A2.553,2.553,0,0,1,5.237,9.8a3.119,3.119,0,0,1-2.231.8H2.982A2.967,2.967,0,0,1,.824,9.8,2.687,2.687,0,0,1,0,7.788ZM.315,29v-16.2H5.7V29Zm8.365,0h5.383V19.961a3.157,3.157,0,0,1,1.224-2.7,2.634,2.634,0,0,1,1.734-.57q2.716,0,2.716,3.661V29H25.12V19.718a7.8,7.8,0,0,0-1.7-5.444,5.79,5.79,0,0,0-4.486-1.855,5.5,5.5,0,0,0-4.874,2.691v.048h-.024l.024-.048v-2.3H8.681q.048.776.048,4.825T8.681,29Z\" transform=\"translate(0 -5)\" fill=\"#9f0e15\"><\/path><\/svg>\t\t\t\t\t<\/a>\n\t\t\t\t<\/span>\n\t\t\t\t\t\t\t<span class=\"elementor-grid-item\" role=\"listitem\">\n\t\t\t\t\t<a class=\"elementor-icon elementor-social-icon elementor-social-icon-Golden State Behavior elementor-animation-bounce-in elementor-repeater-item-d4047ef\" href=\"https:\/\/www.facebook.com\/GoldenStateBehavior\" target=\"_blank\">\n\t\t\t\t\t\t<span class=\"elementor-screen-only\">Golden State Behavior<\/span>\n\t\t\t\t\t\t<svg xmlns=\"http:\/\/www.w3.org\/2000\/svg\" width=\"12\" height=\"24\" viewBox=\"0 0 12 24\"><path id=\"facebook\" d=\"M11.89.173V3.98H9.729a1.79,1.79,0,0,0-.252-.017A1.962,1.962,0,0,0,8.131,4.5h0a2.446,2.446,0,0,0-.417,1.38,1.626,1.626,0,0,0,.007.185V8.782h4.035l-.534,4.269H7.727V24H3.512V13.05H0V8.782H3.512V5.638c-.007-.1-.01-.222-.01-.342A5.7,5.7,0,0,1,4.945,1.477h0A5.046,5.046,0,0,1,8.506,0c.086,0,.172,0,.258.007H8.751C8.864,0,9,0,9.128,0A21.98,21.98,0,0,1,12,.187L11.889.175Z\" transform=\"translate(0 0)\" fill=\"#9f0e15\"><\/path><\/svg>\t\t\t\t\t<\/a>\n\t\t\t\t<\/span>\n\t\t\t\t\t<\/div>\n\t\t\t\t\t\t<\/div>\n\t\t\t\t<\/div>\n\t\t\t\t<\/div>\n\t\t\t\t\t<\/div>\n\t\t\t\t<\/div>\n\t\t\t\t\t<\/div>\n\t\t\t\t<\/div>\n\t\t<div class=\"elementor-element elementor-element-9ab6ca6 e-con-full wd-section-stretch google-mape e-flex e-con e-parent\" data-id=\"9ab6ca6\" data-element_type=\"container\" data-e-type=\"container\">\n\t\t\t\t<div class=\"elementor-element elementor-element-f490ae0 elementor-widget elementor-widget-google_maps\" data-id=\"f490ae0\" data-element_type=\"widget\" data-e-type=\"widget\" data-widget_type=\"google_maps.default\">\n\t\t\t\t<div class=\"elementor-widget-container\">\n\t\t\t\t\t\t\t<div class=\"elementor-custom-embed\">\n\t\t\t<iframe loading=\"lazy\"\n\t\t\t\t\tsrc=\"https:\/\/maps.google.com\/maps?q=Marin%20County%20California%20USA&#038;t=m&#038;z=9&#038;output=embed&#038;iwloc=near\"\n\t\t\t\t\ttitle=\"Marin County California USA\"\n\t\t\t\t\taria-label=\"Marin County California USA\"\n\t\t\t><\/iframe>\n\t\t<\/div>\n\t\t\t\t\t\t<\/div>\n\t\t\t\t<\/div>\n\t\t\t\t<\/div>\n\t\t\t\t<\/div>\n\t\t","protected":false},"excerpt":{"rendered":"<p>Tu viaje hacia la alegr\u00eda comienza aqu\u00ed \u00bfEst\u00e1s listo para ver c\u00f3mo tu hijo mejora en todos los aspectos de<\/p>\n","protected":false},"author":2,"featured_media":0,"parent":0,"menu_order":0,"comment_status":"closed","ping_status":"closed","template":"","meta":{"footnotes":""},"class_list":["post-1983","page","type-page","status-publish","hentry"],"yoast_head":"<!-- This site is optimized with the Yoast SEO plugin v27.5 - https:\/\/yoast.com\/product\/yoast-seo-wordpress\/ -->\n<title>Contacte a Golden State Behavior | P\u00f3ngase en Contacto<\/title>\n<meta name=\"description\" content=\"Comun\u00edquese con Golden State Behavior para obtener terapia ABA especializada, tratamiento para el autismo y servicios para el TDAH en San Rafael, Novato y el Condado de Marin.\" \/>\n<meta name=\"robots\" content=\"index, follow, max-snippet:-1, max-image-preview:large, max-video-preview:-1\" \/>\n<link rel=\"canonical\" href=\"https:\/\/goldenstatebehavior.com\/es\/contacta-con-nosotros\/\" \/>\n<meta property=\"og:locale\" content=\"es_ES\" \/>\n<meta property=\"og:type\" content=\"article\" \/>\n<meta property=\"og:title\" content=\"Contacte a Golden State Behavior | P\u00f3ngase en Contacto\" \/>\n<meta property=\"og:description\" content=\"Comun\u00edquese con Golden State Behavior para obtener terapia ABA especializada, tratamiento para el autismo y servicios para el TDAH en San Rafael, Novato y el Condado de Marin.\" \/>\n<meta property=\"og:url\" content=\"https:\/\/goldenstatebehavior.com\/es\/contacta-con-nosotros\/\" \/>\n<meta property=\"og:site_name\" content=\"Golden State Behavior\" \/>\n<meta property=\"article:modified_time\" content=\"2025-05-06T17:36:03+00:00\" \/>\n<meta name=\"twitter:card\" content=\"summary_large_image\" \/>\n<meta name=\"twitter:label1\" content=\"Tiempo de lectura\" \/>\n\t<meta name=\"twitter:data1\" content=\"1 minuto\" \/>\n<script type=\"application\/ld+json\" class=\"yoast-schema-graph\">{\"@context\":\"https:\\\/\\\/schema.org\",\"@graph\":[{\"@type\":\"WebPage\",\"@id\":\"https:\\\/\\\/goldenstatebehavior.com\\\/es\\\/contacta-con-nosotros\\\/\",\"url\":\"https:\\\/\\\/goldenstatebehavior.com\\\/es\\\/contacta-con-nosotros\\\/\",\"name\":\"Contacte a Golden State Behavior | P\u00f3ngase en Contacto\",\"isPartOf\":{\"@id\":\"https:\\\/\\\/goldenstatebehavior.com\\\/#website\"},\"datePublished\":\"2024-11-14T06:03:46+00:00\",\"dateModified\":\"2025-05-06T17:36:03+00:00\",\"description\":\"Comun\u00edquese con Golden State Behavior para obtener terapia ABA especializada, tratamiento para el autismo y servicios para el TDAH en San Rafael, Novato y el Condado de Marin.\",\"breadcrumb\":{\"@id\":\"https:\\\/\\\/goldenstatebehavior.com\\\/es\\\/contacta-con-nosotros\\\/#breadcrumb\"},\"inLanguage\":\"es\",\"potentialAction\":[{\"@type\":\"ReadAction\",\"target\":[\"https:\\\/\\\/goldenstatebehavior.com\\\/es\\\/contacta-con-nosotros\\\/\"]}]},{\"@type\":\"BreadcrumbList\",\"@id\":\"https:\\\/\\\/goldenstatebehavior.com\\\/es\\\/contacta-con-nosotros\\\/#breadcrumb\",\"itemListElement\":[{\"@type\":\"ListItem\",\"position\":1,\"name\":\"Home\",\"item\":\"https:\\\/\\\/goldenstatebehavior.com\\\/es\\\/\"},{\"@type\":\"ListItem\",\"position\":2,\"name\":\"Contacta con nosotros\"}]},{\"@type\":\"WebSite\",\"@id\":\"https:\\\/\\\/goldenstatebehavior.com\\\/#website\",\"url\":\"https:\\\/\\\/goldenstatebehavior.com\\\/\",\"name\":\"Golden State Behavior\",\"description\":\"Empoderando a los ni\u00f1os a trav\u00e9s de la terapia ABA personalizada en sus entornos naturales\",\"potentialAction\":[{\"@type\":\"SearchAction\",\"target\":{\"@type\":\"EntryPoint\",\"urlTemplate\":\"https:\\\/\\\/goldenstatebehavior.com\\\/?s={search_term_string}\"},\"query-input\":{\"@type\":\"PropertyValueSpecification\",\"valueRequired\":true,\"valueName\":\"search_term_string\"}}],\"inLanguage\":\"es\"}]}<\/script>\n<!-- \/ Yoast SEO plugin. -->","yoast_head_json":{"title":"Contacte a Golden State Behavior | P\u00f3ngase en Contacto","description":"Comun\u00edquese con Golden State Behavior para obtener terapia ABA especializada, tratamiento para el autismo y servicios para el TDAH en San Rafael, Novato y el Condado de Marin.","robots":{"index":"index","follow":"follow","max-snippet":"max-snippet:-1","max-image-preview":"max-image-preview:large","max-video-preview":"max-video-preview:-1"},"canonical":"https:\/\/goldenstatebehavior.com\/es\/contacta-con-nosotros\/","og_locale":"es_ES","og_type":"article","og_title":"Contacte a Golden State Behavior | P\u00f3ngase en Contacto","og_description":"Comun\u00edquese con Golden State Behavior para obtener terapia ABA especializada, tratamiento para el autismo y servicios para el TDAH en San Rafael, Novato y el Condado de Marin.","og_url":"https:\/\/goldenstatebehavior.com\/es\/contacta-con-nosotros\/","og_site_name":"Golden State Behavior","article_modified_time":"2025-05-06T17:36:03+00:00","twitter_card":"summary_large_image","twitter_misc":{"Tiempo de lectura":"1 minuto"},"schema":{"@context":"https:\/\/schema.org","@graph":[{"@type":"WebPage","@id":"https:\/\/goldenstatebehavior.com\/es\/contacta-con-nosotros\/","url":"https:\/\/goldenstatebehavior.com\/es\/contacta-con-nosotros\/","name":"Contacte a Golden State Behavior | P\u00f3ngase en Contacto","isPartOf":{"@id":"https:\/\/goldenstatebehavior.com\/#website"},"datePublished":"2024-11-14T06:03:46+00:00","dateModified":"2025-05-06T17:36:03+00:00","description":"Comun\u00edquese con Golden State Behavior para obtener terapia ABA especializada, tratamiento para el autismo y servicios para el TDAH en San Rafael, Novato y el Condado de Marin.","breadcrumb":{"@id":"https:\/\/goldenstatebehavior.com\/es\/contacta-con-nosotros\/#breadcrumb"},"inLanguage":"es","potentialAction":[{"@type":"ReadAction","target":["https:\/\/goldenstatebehavior.com\/es\/contacta-con-nosotros\/"]}]},{"@type":"BreadcrumbList","@id":"https:\/\/goldenstatebehavior.com\/es\/contacta-con-nosotros\/#breadcrumb","itemListElement":[{"@type":"ListItem","position":1,"name":"Home","item":"https:\/\/goldenstatebehavior.com\/es\/"},{"@type":"ListItem","position":2,"name":"Contacta con nosotros"}]},{"@type":"WebSite","@id":"https:\/\/goldenstatebehavior.com\/#website","url":"https:\/\/goldenstatebehavior.com\/","name":"Golden State Behavior","description":"Empoderando a los ni\u00f1os a trav\u00e9s de la terapia ABA personalizada en sus entornos naturales","potentialAction":[{"@type":"SearchAction","target":{"@type":"EntryPoint","urlTemplate":"https:\/\/goldenstatebehavior.com\/?s={search_term_string}"},"query-input":{"@type":"PropertyValueSpecification","valueRequired":true,"valueName":"search_term_string"}}],"inLanguage":"es"}]}},"_links":{"self":[{"href":"https:\/\/goldenstatebehavior.com\/es\/wp-json\/wp\/v2\/pages\/1983","targetHints":{"allow":["GET"]}}],"collection":[{"href":"https:\/\/goldenstatebehavior.com\/es\/wp-json\/wp\/v2\/pages"}],"about":[{"href":"https:\/\/goldenstatebehavior.com\/es\/wp-json\/wp\/v2\/types\/page"}],"author":[{"embeddable":true,"href":"https:\/\/goldenstatebehavior.com\/es\/wp-json\/wp\/v2\/users\/2"}],"replies":[{"embeddable":true,"href":"https:\/\/goldenstatebehavior.com\/es\/wp-json\/wp\/v2\/comments?post=1983"}],"version-history":[{"count":16,"href":"https:\/\/goldenstatebehavior.com\/es\/wp-json\/wp\/v2\/pages\/1983\/revisions"}],"predecessor-version":[{"id":2600,"href":"https:\/\/goldenstatebehavior.com\/es\/wp-json\/wp\/v2\/pages\/1983\/revisions\/2600"}],"wp:attachment":[{"href":"https:\/\/goldenstatebehavior.com\/es\/wp-json\/wp\/v2\/media?parent=1983"}],"curies":[{"name":"wp","href":"https:\/\/api.w.org\/{rel}","templated":true}]}}