{"id":1985,"date":"2024-11-18T14:01:52","date_gmt":"2024-11-18T14:01:52","guid":{"rendered":"https:\/\/goldenstatebehavior.com\/detalles-de-la-politica-de-privacidad-y-cumplimiento-de-hipaa\/"},"modified":"2024-12-23T09:35:49","modified_gmt":"2024-12-23T09:35:49","slug":"detalles-de-la-politica-de-privacidad-y-cumplimiento-de-hipaa","status":"publish","type":"page","link":"https:\/\/goldenstatebehavior.com\/es\/detalles-de-la-politica-de-privacidad-y-cumplimiento-de-hipaa\/","title":{"rendered":"Detalles de la pol\u00edtica de privacidad y cumplimiento de HIPAA"},"content":{"rendered":"\t\t<div data-elementor-type=\"wp-page\" data-elementor-id=\"1985\" class=\"elementor elementor-1985 elementor-645\">\n\t\t\t\t<div class=\"elementor-element elementor-element-861f81a e-flex e-con-boxed e-con e-parent\" data-id=\"861f81a\" data-element_type=\"container\" data-e-type=\"container\">\n\t\t\t\t\t<div class=\"e-con-inner\">\n\t\t\t\t<div class=\"elementor-element elementor-element-e03a30c color-scheme-inherit text-left elementor-widget elementor-widget-text-editor\" data-id=\"e03a30c\" data-element_type=\"widget\" data-e-type=\"widget\" data-widget_type=\"text-editor.default\">\n\t\t\t\t<div class=\"elementor-widget-container\">\n\t\t\t\t\t\t\t\t\t<h3><strong>Pol\u00edtica de privacidad y cumplimiento de HIPAA<\/strong><\/h3>\n<p>Nos comprometemos a mantener la privacidad y seguridad de su informaci\u00f3n m\u00e9dica protegida (PHI) en pleno cumplimiento con la Ley de Portabilidad y Responsabilidad del Seguro M\u00e9dico (HIPAA). Esta pol\u00edtica describe c\u00f3mo protegemos sus datos, sus derechos con respecto a su informaci\u00f3n de salud y c\u00f3mo usamos, divulgamos y salvaguardamos su informaci\u00f3n.<\/p>\n<h3>1. <strong>Cumplimiento de la normativa de privacidad<\/strong> <\/h3>\n<ul>\n<li><strong>Derechos del paciente:<\/strong> Usted tiene derecho a acceder, corregir y recibir un registro de las divulgaciones relacionadas con su PHI. We uphold these rights and ensure that any use or disclosure of your information aligns with HIPAA&#8217;s standards.<\/li>\n<li><strong>Minimizaci\u00f3n de datos:<\/strong> Nos adherimos a la regla del \u00abm\u00ednimo necesario\u00bb, limitando nuestro uso y compartici\u00f3n de PHI a lo que es esencial para cumplir funciones espec\u00edficas relacionadas con la atenci\u00f3n m\u00e9dica.<\/li>\n<\/ul>\n<h3>2. <strong>Seguridad de la informaci\u00f3n sanitaria electr\u00f3nica protegida (ePHI)<\/strong><\/h3>\n<ul>\n<li><strong>Medidas de protecci\u00f3n administrativas, f\u00edsicas y t\u00e9cnicas:<\/strong> implementamos pol\u00edticas y procedimientos que incluyen capacitaci\u00f3n de los empleados, almacenamiento seguro de datos y medidas de cifrado para salvaguardar su PHI. Revisamos peri\u00f3dicamente estas pr\u00e1cticas para garantizar el cumplimiento continuo.<\/li>\n<li><strong>Control de acceso:<\/strong> Restringimos el acceso a su PHI seg\u00fan las responsabilidades laborales, protegiendo sus datos contra acceso no autorizado o uso indebido.<\/li>\n<\/ul>\n<h3><strong>3. Procedimientos de notificaci\u00f3n de infracciones<\/strong><\/h3>\n<ul>\n<li><strong>Pol\u00edtica de notificaci\u00f3n<\/strong>: En caso de una violaci\u00f3n de PHI no segura, notificaremos de inmediato a las personas afectadas y, si es necesario, al Departamento de Salud y Servicios Humanos de los EE. UU. (HHS). Nuestro plan de respuesta ante infracciones garantiza una comunicaci\u00f3n oportuna y transparente.<\/li>\n<\/ul>\n<h3>4. <strong>Uso y divulgaci\u00f3n autorizados de PHI<\/strong><\/h3>\n<ul>\n<li><strong>Prop\u00f3sito: <\/strong>Solo usamos o divulgamos PHI para tratamiento, pago u operaciones de atenci\u00f3n m\u00e9dica, seg\u00fan lo permita la HIPAA. Cualquier otro uso requiere la autorizaci\u00f3n expl\u00edcita del paciente, garantizando su control sobre su informaci\u00f3n de salud.<\/li>\n<\/ul>\n<h3>5. <strong>Su derecho a la privacidad y confidencialidad<\/strong><\/h3>\n<ul>\n<li>Mantenemos una pol\u00edtica de privacidad transparente que explica sus derechos, nuestras obligaciones y c\u00f3mo comunicarse con nosotros si tiene preguntas o inquietudes. Su confianza y la confidencialidad de su informaci\u00f3n son fundamentales para nuestro compromiso con el cumplimiento de HIPAA.<\/li>\n<\/ul>\n<p>Para obtener m\u00e1s informaci\u00f3n o preguntas sobre esta pol\u00edtica, comun\u00edquese con nosotros. Al utilizar nuestros servicios, usted acepta nuestras pr\u00e1cticas compatibles con HIPAA para manejar su informaci\u00f3n m\u00e9dica protegida de manera segura y responsable.<\/p>\n\t\t\t\t\t\t\t\t<\/div>\n\t\t\t\t<\/div>\n\t\t\t\t\t<\/div>\n\t\t\t\t<\/div>\n\t\t\t\t<\/div>\n\t\t","protected":false},"excerpt":{"rendered":"<p>Pol\u00edtica de privacidad y cumplimiento de HIPAA Nos comprometemos a mantener la privacidad y seguridad de su informaci\u00f3n m\u00e9dica protegida<\/p>\n","protected":false},"author":2,"featured_media":0,"parent":0,"menu_order":0,"comment_status":"closed","ping_status":"closed","template":"","meta":{"footnotes":""},"class_list":["post-1985","page","type-page","status-publish","hentry"],"yoast_head":"<!-- This site is optimized with the Yoast SEO plugin v27.2 - https:\/\/yoast.com\/product\/yoast-seo-wordpress\/ -->\n<title>Detalles de la pol\u00edtica de privacidad y cumplimiento de HIPAA - Golden State Behavior<\/title>\n<meta name=\"robots\" content=\"index, follow, max-snippet:-1, max-image-preview:large, max-video-preview:-1\" \/>\n<link rel=\"canonical\" href=\"https:\/\/goldenstatebehavior.com\/hipaa-compliance-and-privacy-policy-details\/\" \/>\n<meta property=\"og:locale\" content=\"es_ES\" \/>\n<meta property=\"og:type\" content=\"article\" \/>\n<meta property=\"og:title\" content=\"Detalles de la pol\u00edtica de privacidad y cumplimiento de HIPAA - Golden State Behavior\" \/>\n<meta property=\"og:description\" content=\"Pol\u00edtica de privacidad y cumplimiento de HIPAA Nos comprometemos a mantener la privacidad y seguridad de su informaci\u00f3n m\u00e9dica protegida\" \/>\n<meta property=\"og:url\" content=\"https:\/\/goldenstatebehavior.com\/hipaa-compliance-and-privacy-policy-details\/\" \/>\n<meta property=\"og:site_name\" content=\"Golden State Behavior\" \/>\n<meta property=\"article:modified_time\" content=\"2024-12-23T09:35:49+00:00\" \/>\n<meta name=\"twitter:card\" content=\"summary_large_image\" \/>\n<meta name=\"twitter:label1\" content=\"Tiempo de lectura\" \/>\n\t<meta name=\"twitter:data1\" content=\"2 minutos\" \/>\n<script type=\"application\/ld+json\" class=\"yoast-schema-graph\">{\"@context\":\"https:\/\/schema.org\",\"@graph\":[{\"@type\":\"WebPage\",\"@id\":\"https:\/\/goldenstatebehavior.com\/hipaa-compliance-and-privacy-policy-details\/\",\"url\":\"https:\/\/goldenstatebehavior.com\/hipaa-compliance-and-privacy-policy-details\/\",\"name\":\"Detalles de la pol\u00edtica de privacidad y cumplimiento de HIPAA - Golden State Behavior\",\"isPartOf\":{\"@id\":\"https:\/\/goldenstatebehavior.com\/#website\"},\"datePublished\":\"2024-11-18T14:01:52+00:00\",\"dateModified\":\"2024-12-23T09:35:49+00:00\",\"breadcrumb\":{\"@id\":\"https:\/\/goldenstatebehavior.com\/hipaa-compliance-and-privacy-policy-details\/#breadcrumb\"},\"inLanguage\":\"es\",\"potentialAction\":[{\"@type\":\"ReadAction\",\"target\":[\"https:\/\/goldenstatebehavior.com\/hipaa-compliance-and-privacy-policy-details\/\"]}]},{\"@type\":\"BreadcrumbList\",\"@id\":\"https:\/\/goldenstatebehavior.com\/hipaa-compliance-and-privacy-policy-details\/#breadcrumb\",\"itemListElement\":[{\"@type\":\"ListItem\",\"position\":1,\"name\":\"Home\",\"item\":\"https:\/\/goldenstatebehavior.com\/es\/\"},{\"@type\":\"ListItem\",\"position\":2,\"name\":\"Detalles de la pol\u00edtica de privacidad y cumplimiento de HIPAA\"}]},{\"@type\":\"WebSite\",\"@id\":\"https:\/\/goldenstatebehavior.com\/#website\",\"url\":\"https:\/\/goldenstatebehavior.com\/\",\"name\":\"Golden State Behavior\",\"description\":\"Empoderando a los ni\u00f1os a trav\u00e9s de la terapia ABA personalizada en sus entornos naturales\",\"potentialAction\":[{\"@type\":\"SearchAction\",\"target\":{\"@type\":\"EntryPoint\",\"urlTemplate\":\"https:\/\/goldenstatebehavior.com\/?s={search_term_string}\"},\"query-input\":{\"@type\":\"PropertyValueSpecification\",\"valueRequired\":true,\"valueName\":\"search_term_string\"}}],\"inLanguage\":\"es\"}]}<\/script>\n<!-- \/ Yoast SEO plugin. -->","yoast_head_json":{"title":"Detalles de la pol\u00edtica de privacidad y cumplimiento de HIPAA - Golden State Behavior","robots":{"index":"index","follow":"follow","max-snippet":"max-snippet:-1","max-image-preview":"max-image-preview:large","max-video-preview":"max-video-preview:-1"},"canonical":"https:\/\/goldenstatebehavior.com\/hipaa-compliance-and-privacy-policy-details\/","og_locale":"es_ES","og_type":"article","og_title":"Detalles de la pol\u00edtica de privacidad y cumplimiento de HIPAA - Golden State Behavior","og_description":"Pol\u00edtica de privacidad y cumplimiento de HIPAA Nos comprometemos a mantener la privacidad y seguridad de su informaci\u00f3n m\u00e9dica protegida","og_url":"https:\/\/goldenstatebehavior.com\/hipaa-compliance-and-privacy-policy-details\/","og_site_name":"Golden State Behavior","article_modified_time":"2024-12-23T09:35:49+00:00","twitter_card":"summary_large_image","twitter_misc":{"Tiempo de lectura":"2 minutos"},"schema":{"@context":"https:\/\/schema.org","@graph":[{"@type":"WebPage","@id":"https:\/\/goldenstatebehavior.com\/hipaa-compliance-and-privacy-policy-details\/","url":"https:\/\/goldenstatebehavior.com\/hipaa-compliance-and-privacy-policy-details\/","name":"Detalles de la pol\u00edtica de privacidad y cumplimiento de HIPAA - Golden State Behavior","isPartOf":{"@id":"https:\/\/goldenstatebehavior.com\/#website"},"datePublished":"2024-11-18T14:01:52+00:00","dateModified":"2024-12-23T09:35:49+00:00","breadcrumb":{"@id":"https:\/\/goldenstatebehavior.com\/hipaa-compliance-and-privacy-policy-details\/#breadcrumb"},"inLanguage":"es","potentialAction":[{"@type":"ReadAction","target":["https:\/\/goldenstatebehavior.com\/hipaa-compliance-and-privacy-policy-details\/"]}]},{"@type":"BreadcrumbList","@id":"https:\/\/goldenstatebehavior.com\/hipaa-compliance-and-privacy-policy-details\/#breadcrumb","itemListElement":[{"@type":"ListItem","position":1,"name":"Home","item":"https:\/\/goldenstatebehavior.com\/es\/"},{"@type":"ListItem","position":2,"name":"Detalles de la pol\u00edtica de privacidad y cumplimiento de HIPAA"}]},{"@type":"WebSite","@id":"https:\/\/goldenstatebehavior.com\/#website","url":"https:\/\/goldenstatebehavior.com\/","name":"Golden State Behavior","description":"Empoderando a los ni\u00f1os a trav\u00e9s de la terapia ABA personalizada en sus entornos naturales","potentialAction":[{"@type":"SearchAction","target":{"@type":"EntryPoint","urlTemplate":"https:\/\/goldenstatebehavior.com\/?s={search_term_string}"},"query-input":{"@type":"PropertyValueSpecification","valueRequired":true,"valueName":"search_term_string"}}],"inLanguage":"es"}]}},"_links":{"self":[{"href":"https:\/\/goldenstatebehavior.com\/es\/wp-json\/wp\/v2\/pages\/1985","targetHints":{"allow":["GET"]}}],"collection":[{"href":"https:\/\/goldenstatebehavior.com\/es\/wp-json\/wp\/v2\/pages"}],"about":[{"href":"https:\/\/goldenstatebehavior.com\/es\/wp-json\/wp\/v2\/types\/page"}],"author":[{"embeddable":true,"href":"https:\/\/goldenstatebehavior.com\/es\/wp-json\/wp\/v2\/users\/2"}],"replies":[{"embeddable":true,"href":"https:\/\/goldenstatebehavior.com\/es\/wp-json\/wp\/v2\/comments?post=1985"}],"version-history":[{"count":1,"href":"https:\/\/goldenstatebehavior.com\/es\/wp-json\/wp\/v2\/pages\/1985\/revisions"}],"predecessor-version":[{"id":1986,"href":"https:\/\/goldenstatebehavior.com\/es\/wp-json\/wp\/v2\/pages\/1985\/revisions\/1986"}],"wp:attachment":[{"href":"https:\/\/goldenstatebehavior.com\/es\/wp-json\/wp\/v2\/media?parent=1985"}],"curies":[{"name":"wp","href":"https:\/\/api.w.org\/{rel}","templated":true}]}}